{"id":22520,"date":"2024-04-02T14:08:00","date_gmt":"2024-04-02T12:08:00","guid":{"rendered":"https:\/\/eco.ch\/eco-ch-2\/"},"modified":"2024-08-29T09:58:10","modified_gmt":"2024-08-29T07:58:10","slug":"eco-ch-2","status":"publish","type":"page","link":"https:\/\/eco.ch\/fr\/","title":{"rendered":"eco.ch"},"content":{"rendered":"<p>[et_pb_section fb_built=\u00a0\u00bb1&Prime; fullwidth=\u00a0\u00bbon\u00a0\u00bb admin_label=\u00a0\u00bbSektion\u00a0\u00bb _builder_version=\u00a0\u00bb4.24.2&Prime; _module_preset=\u00a0\u00bbdefault\u00a0\u00bb background_image=\u00a0\u00bbhttps:\/\/eco.ch\/wp-content\/uploads\/2024\/03\/ECO-NK_2023_051-scaled.jpg\u00a0\u00bb global_colors_info=\u00a0\u00bb{}\u00a0\u00bb][et_pb_fullwidth_slider use_bg_overlay=\u00a0\u00bboff\u00a0\u00bb use_text_overlay=\u00a0\u00bboff\u00a0\u00bb admin_label=\u00a0\u00bbVollbreiter Slider\u00a0\u00bb _builder_version=\u00a0\u00bb4.27.0&Prime; _module_preset=\u00a0\u00bbdefault\u00a0\u00bb background_image=\u00a0\u00bbhttps:\/\/eco.ch\/wp-content\/uploads\/2024\/03\/ECO-NK_2023_051-scaled.jpg\u00a0\u00bb text_orientation=\u00a0\u00bbleft\u00a0\u00bb max_height=\u00a0\u00bb500px\u00a0\u00bb custom_css_slide_description=\u00a0\u00bbpadding-top: 5% !important; ||padding-bottom: 20% !important;||text-shadow: none;\u00a0\u00bb global_colors_info=\u00a0\u00bb{}\u00a0\u00bb][et_pb_slide heading=\u00a0\u00bbPas de Congr\u00e8s Nature en 2024&Prime; button_link=\u00a0\u00bb@ET-DC@eyJkeW5hbWljIjp0cnVlLCJjb250ZW50IjoicG9zdF9saW5rX3VybF9wYWdlIiwic2V0dGluZ3MiOnsicG9zdF9pZCI6IjIyNDEyIn19@\u00a0\u00bb use_bg_overlay=\u00a0\u00bbon\u00a0\u00bb bg_overlay_color=\u00a0\u00bbrgba(85,98,112,0.45)\u00a0\u00bb use_text_overlay=\u00a0\u00bbon\u00a0\u00bb text_overlay_color_tablet=\u00a0\u00bb\u00a0\u00bb text_overlay_color_phone=\u00a0\u00bb\u00a0\u00bb text_overlay_color_last_edited=\u00a0\u00bbon|desktop\u00a0\u00bb _builder_version=\u00a0\u00bb4.27.0&Prime; _dynamic_attributes=\u00a0\u00bbbutton_link,link_option_url\u00a0\u00bb _module_preset=\u00a0\u00bbdefault\u00a0\u00bb background_color=\u00a0\u00bb#FFFFFF\u00a0\u00bb background_enable_color=\u00a0\u00bbon\u00a0\u00bb background_image=\u00a0\u00bbhttps:\/\/eco.ch\/wp-content\/uploads\/2024\/03\/ECO-NK_2023_051-scaled.jpg\u00a0\u00bb background_enable_image=\u00a0\u00bbon\u00a0\u00bb custom_button=\u00a0\u00bbon\u00a0\u00bb button_on_hover=\u00a0\u00bbon\u00a0\u00bb max_width=\u00a0\u00bb1080px\u00a0\u00bb link_option_url=\u00a0\u00bb@ET-DC@eyJkeW5hbWljIjp0cnVlLCJjb250ZW50IjoicG9zdF9saW5rX3VybF9wYWdlIiwic2V0dGluZ3MiOnsicG9zdF9pZCI6IjIyNDEyIn19@\u00a0\u00bb global_colors_info=\u00a0\u00bb{}\u00a0\u00bb sticky_transition=\u00a0\u00bbon\u00a0\u00bb]<\/p>\n<p>En 2024, le Congr\u00e8s Nature eco.ch pr\u00e9vu sur le th\u00e8me &lsquo;Penser ensemble production d&rsquo;\u00e9nergie et biodiversit\u00e9&rsquo; n&rsquo;aura pas lieu. L&rsquo;association informera sur les activit\u00e9s futures apr\u00e8s son assembl\u00e9e annuelle fin 2024.<\/p>\n<p>[\/et_pb_slide][\/et_pb_fullwidth_slider][\/et_pb_section][et_pb_section fb_built=\u00a0\u00bb1&Prime; admin_label=\u00a0\u00bbSektion\u00a0\u00bb _builder_version=\u00a0\u00bb4.24.2&Prime; _module_preset=\u00a0\u00bbdefault\u00a0\u00bb global_colors_info=\u00a0\u00bb{}\u00a0\u00bb][et_pb_row _builder_version=\u00a0\u00bb4.20.2&Prime; _module_preset=\u00a0\u00bbdefault\u00a0\u00bb global_colors_info=\u00a0\u00bb{}\u00a0\u00bb][et_pb_column type=\u00a0\u00bb4_4&Prime; _builder_version=\u00a0\u00bb4.19.5&Prime; _module_preset=\u00a0\u00bbdefault\u00a0\u00bb global_colors_info=\u00a0\u00bb{}\u00a0\u00bb][et_pb_text _builder_version=\u00a0\u00bb4.19.5&Prime; _module_preset=\u00a0\u00bbdefault\u00a0\u00bb global_colors_info=\u00a0\u00bb{}\u00a0\u00bb]<\/p>\n<h2>eco.ch &#8211; Le forum suisse pour le d\u00e9veloppement durable<\/h2>\n<p>Nous tissons des liens entre les start-ups et les d\u00e9cideurs, les acteurs politiques et les militants. Nous informons les int\u00e9ress\u00e9s et sensibilisons les novices. eco.ch con\u00e7oit des propositions innovantes et des solutions holistiques pour int\u00e9grer de fa\u00e7on \u00e9quilibr\u00e9e l&rsquo;environnement, la soci\u00e9t\u00e9 et l&rsquo;\u00e9conomie dans les processus d\u00e9cisionnels.<\/p>\n<p>&nbsp;<\/p>\n<p>&nbsp;<\/p>\n<h4 style=\"text-align: center;\">\u00abL&rsquo;essence de nos efforts r\u00e9side dans la pr\u00e9servation de la nature et de l&rsquo;environnement\u00bb<br \/>\nissus des principes d&rsquo;eco.ch<\/h4>\n<p>[\/et_pb_text][\/et_pb_column][\/et_pb_row][\/et_pb_section][et_pb_section fb_built=\u00a0\u00bb1&Prime; _builder_version=\u00a0\u00bb4.24.2&Prime; _module_preset=\u00a0\u00bbdefault\u00a0\u00bb background_color=\u00a0\u00bb#d6d6d6&Prime; global_colors_info=\u00a0\u00bb{}\u00a0\u00bb][et_pb_row _builder_version=\u00a0\u00bb4.19.5&Prime; _module_preset=\u00a0\u00bbdefault\u00a0\u00bb global_colors_info=\u00a0\u00bb{}\u00a0\u00bb][et_pb_column type=\u00a0\u00bb4_4&Prime; _builder_version=\u00a0\u00bb4.19.5&Prime; _module_preset=\u00a0\u00bbdefault\u00a0\u00bb global_colors_info=\u00a0\u00bb{}\u00a0\u00bb][et_pb_text _builder_version=\u00a0\u00bb4.27.0&Prime; _module_preset=\u00a0\u00bbdefault\u00a0\u00bb hover_enabled=\u00a0\u00bb0&Prime; global_colors_info=\u00a0\u00bb{}\u00a0\u00bb sticky_enabled=\u00a0\u00bb0&Prime;]<\/p>\n<h3>Pas de Congr\u00e8s Nature en 2024<\/h3>\n<p>En 2024, le Congr\u00e8s Nature eco.ch pr\u00e9vu sur le th\u00e8me &lsquo;Penser ensemble production d&rsquo;\u00e9nergie et biodiversit\u00e9&rsquo; n&rsquo;aura pas lieu. L&rsquo;association informera sur les activit\u00e9s futures apr\u00e8s son assembl\u00e9e annuelle fin 2024.<\/p>\n<p>[\/et_pb_text][\/et_pb_column][\/et_pb_row][\/et_pb_section][et_pb_section fb_built=\u00a0\u00bb1&Prime; _builder_version=\u00a0\u00bb4.19.5&Prime; _module_preset=\u00a0\u00bbdefault\u00a0\u00bb global_colors_info=\u00a0\u00bb{}\u00a0\u00bb][et_pb_row _builder_version=\u00a0\u00bb4.20.2&Prime; _module_preset=\u00a0\u00bbdefault\u00a0\u00bb global_colors_info=\u00a0\u00bb{}\u00a0\u00bb][et_pb_column type=\u00a0\u00bb4_4&Prime; _builder_version=\u00a0\u00bb4.19.5&Prime; _module_preset=\u00a0\u00bbdefault\u00a0\u00bb global_colors_info=\u00a0\u00bb{}\u00a0\u00bb][et_pb_text _builder_version=\u00a0\u00bb4.19.5&Prime; _module_preset=\u00a0\u00bbdefault\u00a0\u00bb global_colors_info=\u00a0\u00bb{}\u00a0\u00bb]<\/p>\n<h3>Organe fa\u00eetier<\/h3>\n<p>[\/et_pb_text][\/et_pb_column][\/et_pb_row][et_pb_row _builder_version=\u00a0\u00bb4.19.5&Prime; _module_preset=\u00a0\u00bbdefault\u00a0\u00bb global_colors_info=\u00a0\u00bb{}\u00a0\u00bb][et_pb_column type=\u00a0\u00bb4_4&Prime; _builder_version=\u00a0\u00bb4.19.5&Prime; _module_preset=\u00a0\u00bbdefault\u00a0\u00bb global_colors_info=\u00a0\u00bb{}\u00a0\u00bb][et_pb_image src=\u00a0\u00bbhttps:\/\/eco.ch\/wp-content\/uploads\/2024\/01\/Logoleiste_Mitgliedschaft_transparent_NEU-2.png\u00a0\u00bb title_text=\u00a0\u00bbLogoleiste_Mitgliedschaft_transparent_NEU\u00a0\u00bb _builder_version=\u00a0\u00bb4.24.0&Prime; _module_preset=\u00a0\u00bbdefault\u00a0\u00bb global_colors_info=\u00a0\u00bb{}\u00a0\u00bb][\/et_pb_image][\/et_pb_column][\/et_pb_row][\/et_pb_section]<\/p>\n","protected":false},"excerpt":{"rendered":"<p>En 2024, le Congr\u00e8s Nature eco.ch pr\u00e9vu sur le th\u00e8me &lsquo;Penser ensemble production d&rsquo;\u00e9nergie et biodiversit\u00e9&rsquo; n&rsquo;aura pas lieu. L&rsquo;association informera sur les activit\u00e9s futures apr\u00e8s son assembl\u00e9e annuelle fin 2024.eco.ch &#8211; Le forum suisse pour le d\u00e9veloppement durable Nous tissons des liens entre les start-ups et les d\u00e9cideurs, les acteurs politiques et les militants. [&hellip;]<\/p>\n","protected":false},"author":69,"featured_media":0,"parent":0,"menu_order":0,"comment_status":"closed","ping_status":"closed","template":"","meta":{"_et_pb_use_builder":"on","_et_pb_old_content":"","_et_gb_content_width":"","inline_featured_image":false,"footnotes":""},"class_list":["post-22520","page","type-page","status-publish","hentry"],"yoast_head":"<!-- This site is optimized with the Yoast SEO plugin v27.4 - https:\/\/yoast.com\/product\/yoast-seo-wordpress\/ -->\n<title>eco.ch - eco.ch<\/title>\n<meta name=\"robots\" content=\"index, follow, max-snippet:-1, max-image-preview:large, max-video-preview:-1\" \/>\n<link rel=\"canonical\" href=\"https:\/\/eco.ch\/fr\/\" \/>\n<meta property=\"og:locale\" content=\"fr_FR\" \/>\n<meta property=\"og:type\" content=\"article\" \/>\n<meta property=\"og:title\" content=\"eco.ch - eco.ch\" \/>\n<meta property=\"og:description\" content=\"En 2024, le Congr\u00e8s Nature eco.ch pr\u00e9vu sur le th\u00e8me &#039;Penser ensemble production d&#039;\u00e9nergie et biodiversit\u00e9&#039; n&#039;aura pas lieu. L&#039;association informera sur les activit\u00e9s futures apr\u00e8s son assembl\u00e9e annuelle fin 2024.eco.ch - Le forum suisse pour le d\u00e9veloppement durable Nous tissons des liens entre les start-ups et les d\u00e9cideurs, les acteurs politiques et les militants. [&hellip;]\" \/>\n<meta property=\"og:url\" content=\"https:\/\/eco.ch\/fr\/\" \/>\n<meta property=\"og:site_name\" content=\"eco.ch\" \/>\n<meta property=\"article:publisher\" content=\"https:\/\/www.facebook.com\/eco.ch.forum\" \/>\n<meta property=\"article:modified_time\" content=\"2024-08-29T07:58:10+00:00\" \/>\n<meta name=\"twitter:card\" content=\"summary_large_image\" \/>\n<meta name=\"twitter:site\" content=\"@eco_ch_forum\" \/>\n<meta name=\"twitter:label1\" content=\"Dur\u00e9e de lecture estim\u00e9e\" \/>\n\t<meta name=\"twitter:data1\" content=\"3 minutes\" \/>\n<script type=\"application\/ld+json\" class=\"yoast-schema-graph\">{\"@context\":\"https:\\\/\\\/schema.org\",\"@graph\":[{\"@type\":\"WebPage\",\"@id\":\"https:\\\/\\\/eco.ch\\\/fr\\\/\",\"url\":\"https:\\\/\\\/eco.ch\\\/fr\\\/\",\"name\":\"eco.ch - eco.ch\",\"isPartOf\":{\"@id\":\"https:\\\/\\\/eco.ch\\\/#website\"},\"datePublished\":\"2024-04-02T12:08:00+00:00\",\"dateModified\":\"2024-08-29T07:58:10+00:00\",\"breadcrumb\":{\"@id\":\"https:\\\/\\\/eco.ch\\\/fr\\\/#breadcrumb\"},\"inLanguage\":\"fr-FR\",\"potentialAction\":[{\"@type\":\"ReadAction\",\"target\":[\"https:\\\/\\\/eco.ch\\\/fr\\\/\"]}]},{\"@type\":\"BreadcrumbList\",\"@id\":\"https:\\\/\\\/eco.ch\\\/fr\\\/#breadcrumb\",\"itemListElement\":[{\"@type\":\"ListItem\",\"position\":1,\"name\":\"Home\",\"item\":\"https:\\\/\\\/eco.ch\\\/fr\\\/\"},{\"@type\":\"ListItem\",\"position\":2,\"name\":\"eco.ch\"}]},{\"@type\":\"WebSite\",\"@id\":\"https:\\\/\\\/eco.ch\\\/#website\",\"url\":\"https:\\\/\\\/eco.ch\\\/\",\"name\":\"eco.ch\",\"description\":\"Forum f\u00fcr nachhaltige Entwicklung\",\"potentialAction\":[{\"@type\":\"SearchAction\",\"target\":{\"@type\":\"EntryPoint\",\"urlTemplate\":\"https:\\\/\\\/eco.ch\\\/?s={search_term_string}\"},\"query-input\":{\"@type\":\"PropertyValueSpecification\",\"valueRequired\":true,\"valueName\":\"search_term_string\"}}],\"inLanguage\":\"fr-FR\"}]}<\/script>\n<!-- \/ Yoast SEO plugin. -->","yoast_head_json":{"title":"eco.ch - eco.ch","robots":{"index":"index","follow":"follow","max-snippet":"max-snippet:-1","max-image-preview":"max-image-preview:large","max-video-preview":"max-video-preview:-1"},"canonical":"https:\/\/eco.ch\/fr\/","og_locale":"fr_FR","og_type":"article","og_title":"eco.ch - eco.ch","og_description":"En 2024, le Congr\u00e8s Nature eco.ch pr\u00e9vu sur le th\u00e8me 'Penser ensemble production d'\u00e9nergie et biodiversit\u00e9' n'aura pas lieu. L'association informera sur les activit\u00e9s futures apr\u00e8s son assembl\u00e9e annuelle fin 2024.eco.ch - Le forum suisse pour le d\u00e9veloppement durable Nous tissons des liens entre les start-ups et les d\u00e9cideurs, les acteurs politiques et les militants. [&hellip;]","og_url":"https:\/\/eco.ch\/fr\/","og_site_name":"eco.ch","article_publisher":"https:\/\/www.facebook.com\/eco.ch.forum","article_modified_time":"2024-08-29T07:58:10+00:00","twitter_card":"summary_large_image","twitter_site":"@eco_ch_forum","twitter_misc":{"Dur\u00e9e de lecture estim\u00e9e":"3 minutes"},"schema":{"@context":"https:\/\/schema.org","@graph":[{"@type":"WebPage","@id":"https:\/\/eco.ch\/fr\/","url":"https:\/\/eco.ch\/fr\/","name":"eco.ch - eco.ch","isPartOf":{"@id":"https:\/\/eco.ch\/#website"},"datePublished":"2024-04-02T12:08:00+00:00","dateModified":"2024-08-29T07:58:10+00:00","breadcrumb":{"@id":"https:\/\/eco.ch\/fr\/#breadcrumb"},"inLanguage":"fr-FR","potentialAction":[{"@type":"ReadAction","target":["https:\/\/eco.ch\/fr\/"]}]},{"@type":"BreadcrumbList","@id":"https:\/\/eco.ch\/fr\/#breadcrumb","itemListElement":[{"@type":"ListItem","position":1,"name":"Home","item":"https:\/\/eco.ch\/fr\/"},{"@type":"ListItem","position":2,"name":"eco.ch"}]},{"@type":"WebSite","@id":"https:\/\/eco.ch\/#website","url":"https:\/\/eco.ch\/","name":"eco.ch","description":"Forum f\u00fcr nachhaltige Entwicklung","potentialAction":[{"@type":"SearchAction","target":{"@type":"EntryPoint","urlTemplate":"https:\/\/eco.ch\/?s={search_term_string}"},"query-input":{"@type":"PropertyValueSpecification","valueRequired":true,"valueName":"search_term_string"}}],"inLanguage":"fr-FR"}]}},"_links":{"self":[{"href":"https:\/\/eco.ch\/fr\/wp-json\/wp\/v2\/pages\/22520","targetHints":{"allow":["GET"]}}],"collection":[{"href":"https:\/\/eco.ch\/fr\/wp-json\/wp\/v2\/pages"}],"about":[{"href":"https:\/\/eco.ch\/fr\/wp-json\/wp\/v2\/types\/page"}],"author":[{"embeddable":true,"href":"https:\/\/eco.ch\/fr\/wp-json\/wp\/v2\/users\/69"}],"replies":[{"embeddable":true,"href":"https:\/\/eco.ch\/fr\/wp-json\/wp\/v2\/comments?post=22520"}],"version-history":[{"count":35,"href":"https:\/\/eco.ch\/fr\/wp-json\/wp\/v2\/pages\/22520\/revisions"}],"predecessor-version":[{"id":22630,"href":"https:\/\/eco.ch\/fr\/wp-json\/wp\/v2\/pages\/22520\/revisions\/22630"}],"wp:attachment":[{"href":"https:\/\/eco.ch\/fr\/wp-json\/wp\/v2\/media?parent=22520"}],"curies":[{"name":"wp","href":"https:\/\/api.w.org\/{rel}","templated":true}]}}