{"id":22514,"date":"2024-04-02T13:49:41","date_gmt":"2024-04-02T11:49:41","guid":{"rendered":"https:\/\/eco.ch\/congres-nature-2024\/"},"modified":"2024-08-29T09:56:29","modified_gmt":"2024-08-29T07:56:29","slug":"congres-nature-2024","status":"publish","type":"page","link":"https:\/\/eco.ch\/fr\/congres-nature-2024\/","title":{"rendered":"Congr\u00e8s Nature 2024"},"content":{"rendered":"<p>[et_pb_section fb_built=\u00a0\u00bb1&Prime; fullwidth=\u00a0\u00bbon\u00a0\u00bb theme_builder_area=\u00a0\u00bbpost_content\u00a0\u00bb _builder_version=\u00a0\u00bb4.27.0&Prime; _module_preset=\u00a0\u00bbdefault\u00a0\u00bb][et_pb_fullwidth_slider _builder_version=\u00a0\u00bb4.27.0&Prime; _module_preset=\u00a0\u00bbdefault\u00a0\u00bb theme_builder_area=\u00a0\u00bbpost_content\u00a0\u00bb hover_enabled=\u00a0\u00bb0&Prime; sticky_enabled=\u00a0\u00bb0&Prime;][et_pb_slide _builder_version=\u00a0\u00bb4.27.0&Prime; _module_preset=\u00a0\u00bbdefault\u00a0\u00bb theme_builder_area=\u00a0\u00bbpost_content\u00a0\u00bb background_enable_color=\u00a0\u00bboff\u00a0\u00bb title_text=\u00a0\u00bbECO-NK_2023_051&Prime; background_image=\u00a0\u00bbhttps:\/\/eco.ch\/wp-content\/uploads\/2024\/03\/ECO-NK_2023_051-scaled.jpg\u00a0\u00bb background_enable_image=\u00a0\u00bbon\u00a0\u00bb hover_enabled=\u00a0\u00bb0&Prime; sticky_enabled=\u00a0\u00bb0&Prime;][\/et_pb_slide][\/et_pb_fullwidth_slider][\/et_pb_section][et_pb_section fb_built=\u00a0\u00bb1&Prime; admin_label=\u00a0\u00bbSektion\u00a0\u00bb _builder_version=\u00a0\u00bb4.24.2&Prime; _module_preset=\u00a0\u00bbdefault\u00a0\u00bb background_color=\u00a0\u00bb#003333&Prime; global_colors_info=\u00a0\u00bb{}\u00a0\u00bb][et_pb_row admin_label=\u00a0\u00bbZeile\u00a0\u00bb _builder_version=\u00a0\u00bb4.21.0&Prime; _module_preset=\u00a0\u00bbdefault\u00a0\u00bb custom_padding=\u00a0\u00bb||1px|||\u00a0\u00bb global_colors_info=\u00a0\u00bb{}\u00a0\u00bb][et_pb_column type=\u00a0\u00bb4_4&Prime; admin_label=\u00a0\u00bbSpalte\u00a0\u00bb _builder_version=\u00a0\u00bb4.20.1&Prime; _module_preset=\u00a0\u00bbdefault\u00a0\u00bb global_colors_info=\u00a0\u00bb{}\u00a0\u00bb][et_pb_text admin_label=\u00a0\u00bbText\u00a0\u00bb _builder_version=\u00a0\u00bb4.27.0&Prime; _module_preset=\u00a0\u00bb247a19d2-b03a-479a-a198-41fe931a5459&Prime; text_font=\u00a0\u00bb||||||||\u00a0\u00bb text_text_color=\u00a0\u00bb#003333&Prime; header_text_color=\u00a0\u00bb#003333&Prime; width=\u00a0\u00bb96.1%\u00a0\u00bb hover_enabled=\u00a0\u00bb0&Prime; global_colors_info=\u00a0\u00bb{}\u00a0\u00bb sticky_enabled=\u00a0\u00bb0&Prime;]<\/p>\n<h1 style=\"font-weight: 400;\"><span style=\"color: #f26699;\">Pas de Congr\u00e8s Nature en 2024<\/span><\/h1>\n<p> <span style=\"color: #f26699;\">En 2024, le Congr\u00e8s Nature eco.ch pr\u00e9vu sur le th\u00e8me &lsquo;Penser ensemble production d&rsquo;\u00e9nergie et biodiversit\u00e9&rsquo; n&rsquo;aura pas lieu. L&rsquo;association informera sur les activit\u00e9s futures apr\u00e8s son assembl\u00e9e annuelle fin 2024. <\/span><\/p>\n<p><span style=\"color: #f26699;\"> <\/span><\/p>\n<ul><\/ul>\n<p style=\"font-weight: 400;\">[\/et_pb_text][\/et_pb_column][\/et_pb_row][\/et_pb_section][et_pb_section fb_built=\u00a0\u00bb1&Prime; _builder_version=\u00a0\u00bb4.24.2&Prime; _module_preset=\u00a0\u00bbdefault\u00a0\u00bb background_color=\u00a0\u00bb#ddc3c8&Prime; global_colors_info=\u00a0\u00bb{}\u00a0\u00bb][et_pb_row _builder_version=\u00a0\u00bb4.21.2&Prime; _module_preset=\u00a0\u00bbdefault\u00a0\u00bb global_colors_info=\u00a0\u00bb{}\u00a0\u00bb][et_pb_column type=\u00a0\u00bb4_4&Prime; _builder_version=\u00a0\u00bb4.21.2&Prime; _module_preset=\u00a0\u00bbdefault\u00a0\u00bb global_colors_info=\u00a0\u00bb{}\u00a0\u00bb][et_pb_text _builder_version=\u00a0\u00bb4.21.2&Prime; _module_preset=\u00a0\u00bbdefault\u00a0\u00bb text_text_color=\u00a0\u00bb#1A0052&Prime; global_colors_info=\u00a0\u00bb{}\u00a0\u00bb]<\/p>\n<p><span style=\"color: #003333;\"><strong>Nos membres<\/strong><\/span><\/p>\n<p>[\/et_pb_text][\/et_pb_column][\/et_pb_row][et_pb_row _builder_version=\u00a0\u00bb4.21.2&Prime; _module_preset=\u00a0\u00bbdefault\u00a0\u00bb global_colors_info=\u00a0\u00bb{}\u00a0\u00bb][et_pb_column type=\u00a0\u00bb4_4&Prime; _builder_version=\u00a0\u00bb4.21.2&Prime; _module_preset=\u00a0\u00bbdefault\u00a0\u00bb global_colors_info=\u00a0\u00bb{}\u00a0\u00bb][et_pb_image src=\u00a0\u00bbhttps:\/\/eco.ch\/wp-content\/uploads\/2024\/01\/Logoleiste_Mitgliedschaft_transparent_NEU-2.png\u00a0\u00bb title_text=\u00a0\u00bbLogoleiste_Mitgliedschaft_transparent_NEU\u00a0\u00bb align=\u00a0\u00bbcenter\u00a0\u00bb _builder_version=\u00a0\u00bb4.24.2&Prime; _module_preset=\u00a0\u00bbdefault\u00a0\u00bb width=\u00a0\u00bb90%\u00a0\u00bb custom_margin=\u00a0\u00bb-35px||||false|false\u00a0\u00bb global_colors_info=\u00a0\u00bb{}\u00a0\u00bb][\/et_pb_image][\/et_pb_column][\/et_pb_row][\/et_pb_section]<\/p>\n","protected":false},"excerpt":{"rendered":"<p>Pas de Congr\u00e8s Nature en 2024 En 2024, le Congr\u00e8s Nature eco.ch pr\u00e9vu sur le th\u00e8me &lsquo;Penser ensemble production d&rsquo;\u00e9nergie et biodiversit\u00e9&rsquo; n&rsquo;aura pas lieu. L&rsquo;association informera sur les activit\u00e9s futures apr\u00e8s son assembl\u00e9e annuelle fin 2024. Nos membres<\/p>\n","protected":false},"author":69,"featured_media":0,"parent":0,"menu_order":0,"comment_status":"closed","ping_status":"closed","template":"","meta":{"_et_pb_use_builder":"on","_et_pb_old_content":"","_et_gb_content_width":"","inline_featured_image":false,"footnotes":""},"class_list":["post-22514","page","type-page","status-publish","hentry"],"yoast_head":"<!-- This site is optimized with the Yoast SEO plugin v27.4 - https:\/\/yoast.com\/product\/yoast-seo-wordpress\/ -->\n<title>Congr\u00e8s Nature 2024 - eco.ch<\/title>\n<meta name=\"robots\" content=\"index, follow, max-snippet:-1, max-image-preview:large, max-video-preview:-1\" \/>\n<link rel=\"canonical\" href=\"https:\/\/eco.ch\/fr\/congres-nature-2024\/\" \/>\n<meta property=\"og:locale\" content=\"fr_FR\" \/>\n<meta property=\"og:type\" content=\"article\" \/>\n<meta property=\"og:title\" content=\"Congr\u00e8s Nature 2024 - eco.ch\" \/>\n<meta property=\"og:description\" content=\"Pas de Congr\u00e8s Nature en 2024 En 2024, le Congr\u00e8s Nature eco.ch pr\u00e9vu sur le th\u00e8me &#039;Penser ensemble production d&#039;\u00e9nergie et biodiversit\u00e9&#039; n&#039;aura pas lieu. L&#039;association informera sur les activit\u00e9s futures apr\u00e8s son assembl\u00e9e annuelle fin 2024. Nos membres\" \/>\n<meta property=\"og:url\" content=\"https:\/\/eco.ch\/fr\/congres-nature-2024\/\" \/>\n<meta property=\"og:site_name\" content=\"eco.ch\" \/>\n<meta property=\"article:publisher\" content=\"https:\/\/www.facebook.com\/eco.ch.forum\" \/>\n<meta property=\"article:modified_time\" content=\"2024-08-29T07:56:29+00:00\" \/>\n<meta name=\"twitter:card\" content=\"summary_large_image\" \/>\n<meta name=\"twitter:site\" content=\"@eco_ch_forum\" \/>\n<meta name=\"twitter:label1\" content=\"Dur\u00e9e de lecture estim\u00e9e\" \/>\n\t<meta name=\"twitter:data1\" content=\"2 minutes\" \/>\n<script type=\"application\/ld+json\" class=\"yoast-schema-graph\">{\"@context\":\"https:\\\/\\\/schema.org\",\"@graph\":[{\"@type\":\"WebPage\",\"@id\":\"https:\\\/\\\/eco.ch\\\/fr\\\/congres-nature-2024\\\/\",\"url\":\"https:\\\/\\\/eco.ch\\\/fr\\\/congres-nature-2024\\\/\",\"name\":\"Congr\u00e8s Nature 2024 - eco.ch\",\"isPartOf\":{\"@id\":\"https:\\\/\\\/eco.ch\\\/#website\"},\"datePublished\":\"2024-04-02T11:49:41+00:00\",\"dateModified\":\"2024-08-29T07:56:29+00:00\",\"breadcrumb\":{\"@id\":\"https:\\\/\\\/eco.ch\\\/fr\\\/congres-nature-2024\\\/#breadcrumb\"},\"inLanguage\":\"fr-FR\",\"potentialAction\":[{\"@type\":\"ReadAction\",\"target\":[\"https:\\\/\\\/eco.ch\\\/fr\\\/congres-nature-2024\\\/\"]}]},{\"@type\":\"BreadcrumbList\",\"@id\":\"https:\\\/\\\/eco.ch\\\/fr\\\/congres-nature-2024\\\/#breadcrumb\",\"itemListElement\":[{\"@type\":\"ListItem\",\"position\":1,\"name\":\"Home\",\"item\":\"https:\\\/\\\/eco.ch\\\/fr\\\/\"},{\"@type\":\"ListItem\",\"position\":2,\"name\":\"Congr\u00e8s Nature 2024\"}]},{\"@type\":\"WebSite\",\"@id\":\"https:\\\/\\\/eco.ch\\\/#website\",\"url\":\"https:\\\/\\\/eco.ch\\\/\",\"name\":\"eco.ch\",\"description\":\"Forum f\u00fcr nachhaltige Entwicklung\",\"potentialAction\":[{\"@type\":\"SearchAction\",\"target\":{\"@type\":\"EntryPoint\",\"urlTemplate\":\"https:\\\/\\\/eco.ch\\\/?s={search_term_string}\"},\"query-input\":{\"@type\":\"PropertyValueSpecification\",\"valueRequired\":true,\"valueName\":\"search_term_string\"}}],\"inLanguage\":\"fr-FR\"}]}<\/script>\n<!-- \/ Yoast SEO plugin. -->","yoast_head_json":{"title":"Congr\u00e8s Nature 2024 - eco.ch","robots":{"index":"index","follow":"follow","max-snippet":"max-snippet:-1","max-image-preview":"max-image-preview:large","max-video-preview":"max-video-preview:-1"},"canonical":"https:\/\/eco.ch\/fr\/congres-nature-2024\/","og_locale":"fr_FR","og_type":"article","og_title":"Congr\u00e8s Nature 2024 - eco.ch","og_description":"Pas de Congr\u00e8s Nature en 2024 En 2024, le Congr\u00e8s Nature eco.ch pr\u00e9vu sur le th\u00e8me 'Penser ensemble production d'\u00e9nergie et biodiversit\u00e9' n'aura pas lieu. L'association informera sur les activit\u00e9s futures apr\u00e8s son assembl\u00e9e annuelle fin 2024. Nos membres","og_url":"https:\/\/eco.ch\/fr\/congres-nature-2024\/","og_site_name":"eco.ch","article_publisher":"https:\/\/www.facebook.com\/eco.ch.forum","article_modified_time":"2024-08-29T07:56:29+00:00","twitter_card":"summary_large_image","twitter_site":"@eco_ch_forum","twitter_misc":{"Dur\u00e9e de lecture estim\u00e9e":"2 minutes"},"schema":{"@context":"https:\/\/schema.org","@graph":[{"@type":"WebPage","@id":"https:\/\/eco.ch\/fr\/congres-nature-2024\/","url":"https:\/\/eco.ch\/fr\/congres-nature-2024\/","name":"Congr\u00e8s Nature 2024 - eco.ch","isPartOf":{"@id":"https:\/\/eco.ch\/#website"},"datePublished":"2024-04-02T11:49:41+00:00","dateModified":"2024-08-29T07:56:29+00:00","breadcrumb":{"@id":"https:\/\/eco.ch\/fr\/congres-nature-2024\/#breadcrumb"},"inLanguage":"fr-FR","potentialAction":[{"@type":"ReadAction","target":["https:\/\/eco.ch\/fr\/congres-nature-2024\/"]}]},{"@type":"BreadcrumbList","@id":"https:\/\/eco.ch\/fr\/congres-nature-2024\/#breadcrumb","itemListElement":[{"@type":"ListItem","position":1,"name":"Home","item":"https:\/\/eco.ch\/fr\/"},{"@type":"ListItem","position":2,"name":"Congr\u00e8s Nature 2024"}]},{"@type":"WebSite","@id":"https:\/\/eco.ch\/#website","url":"https:\/\/eco.ch\/","name":"eco.ch","description":"Forum f\u00fcr nachhaltige Entwicklung","potentialAction":[{"@type":"SearchAction","target":{"@type":"EntryPoint","urlTemplate":"https:\/\/eco.ch\/?s={search_term_string}"},"query-input":{"@type":"PropertyValueSpecification","valueRequired":true,"valueName":"search_term_string"}}],"inLanguage":"fr-FR"}]}},"_links":{"self":[{"href":"https:\/\/eco.ch\/fr\/wp-json\/wp\/v2\/pages\/22514","targetHints":{"allow":["GET"]}}],"collection":[{"href":"https:\/\/eco.ch\/fr\/wp-json\/wp\/v2\/pages"}],"about":[{"href":"https:\/\/eco.ch\/fr\/wp-json\/wp\/v2\/types\/page"}],"author":[{"embeddable":true,"href":"https:\/\/eco.ch\/fr\/wp-json\/wp\/v2\/users\/69"}],"replies":[{"embeddable":true,"href":"https:\/\/eco.ch\/fr\/wp-json\/wp\/v2\/comments?post=22514"}],"version-history":[{"count":31,"href":"https:\/\/eco.ch\/fr\/wp-json\/wp\/v2\/pages\/22514\/revisions"}],"predecessor-version":[{"id":22625,"href":"https:\/\/eco.ch\/fr\/wp-json\/wp\/v2\/pages\/22514\/revisions\/22625"}],"wp:attachment":[{"href":"https:\/\/eco.ch\/fr\/wp-json\/wp\/v2\/media?parent=22514"}],"curies":[{"name":"wp","href":"https:\/\/api.w.org\/{rel}","templated":true}]}}