{"id":19626,"date":"2023-03-22T17:41:52","date_gmt":"2023-03-22T15:41:52","guid":{"rendered":"https:\/\/eco.ch\/congres-en-ligne-2021\/"},"modified":"2023-05-31T13:52:51","modified_gmt":"2023-05-31T11:52:51","slug":"congres-en-ligne-2021","status":"publish","type":"page","link":"https:\/\/eco.ch\/fr\/congres-en-ligne-2021\/","title":{"rendered":"Congr\u00e8s en ligne 2021"},"content":{"rendered":"<p>[et_pb_section fb_built=\u00a0\u00bb1&Prime; fullwidth=\u00a0\u00bbon\u00a0\u00bb _builder_version=\u00a0\u00bb4.20.2&Prime; _module_preset=\u00a0\u00bbdefault\u00a0\u00bb global_colors_info=\u00a0\u00bb{}\u00a0\u00bb][et_pb_fullwidth_image src=\u00a0\u00bbhttps:\/\/eco.ch\/wp-content\/uploads\/2023\/03\/Naturkongress_2021_Webbanner-Rueckblick.jpg\u00a0\u00bb title_text=\u00a0\u00bbNaturkongress_2021_Webbanner-Rueckblick\u00a0\u00bb _builder_version=\u00a0\u00bb4.20.2&Prime; _module_preset=\u00a0\u00bbdefault\u00a0\u00bb global_colors_info=\u00a0\u00bb{}\u00a0\u00bb][\/et_pb_fullwidth_image][\/et_pb_section][et_pb_section fb_built=\u00a0\u00bb1&Prime; _builder_version=\u00a0\u00bb4.20.2&Prime; _module_preset=\u00a0\u00bbdefault\u00a0\u00bb global_colors_info=\u00a0\u00bb{}\u00a0\u00bb][et_pb_row _builder_version=\u00a0\u00bb4.20.2&Prime; _module_preset=\u00a0\u00bbdefault\u00a0\u00bb global_colors_info=\u00a0\u00bb{}\u00a0\u00bb][et_pb_column type=\u00a0\u00bb4_4&Prime; _builder_version=\u00a0\u00bb4.20.2&Prime; _module_preset=\u00a0\u00bbdefault\u00a0\u00bb global_colors_info=\u00a0\u00bb{}\u00a0\u00bb][et_pb_text _builder_version=\u00a0\u00bb4.20.2&Prime; _module_preset=\u00a0\u00bb03dee375-ec40-4faa-8f7f-e7ea34a19bda\u00a0\u00bb global_colors_info=\u00a0\u00bb{}\u00a0\u00bb]<\/p>\n<h2>C&rsquo;\u00e9tait le Congr\u00e8s Nature 2021<\/h2>\n<p>Le 14e Congr\u00e8s Nature a eu lieu le 26 ao\u00fbt 2021 et un total d&rsquo;environ 310 personnes ont particip\u00e9 au webinaire du matin et 160 personnes ont assist\u00e9 aux sessions de deep-dive de l&rsquo;apr\u00e8s-midi. Des expert(e)s de diff\u00e9rents domaines se sont r\u00e9unis pour discuter ensemble de la th\u00e9matique \u00ab\u00a0<strong>Biodiversit\u00e9 en crise &#8211; Agenda Setting pour plus de nature<\/strong>\u00a0\u00bb et pour \u00e9laborer des solutions.<\/p>\n<p>Comment parvenons-nous \u00e0 mettre l&rsquo;accent sur la pertinence de la biodiversit\u00e9? Quels sont les r\u00f4les des m\u00e9dias, de la soci\u00e9t\u00e9 civile, des acteurs du monde scientifique, politique, de l&rsquo;\u00e9conomie priv\u00e9e et des institutions publiques? Lors du Congr\u00e8s Nature, nous avons cherch\u00e9 ensemble des r\u00e9ponses \u00e0 ces questions urgentes, car la perte de la biodiversit\u00e9 a des cons\u00e9quences importantes, mais on en parle encore trop peu. Pour de nombreuses personnes en Suisse, la \u00ab\u00a0biodiversit\u00e9\u00a0\u00bb ainsi que les Objectifs de d\u00e9veloppement durable (ODD) sont des concepts abstraits et beaucoup n&rsquo;ont pas conscience de la pr\u00e9carit\u00e9 de leur situation. eco.ch a donc voulu, dans le cadre du Congr\u00e8s Nature, faire prendre conscience de l&rsquo;importance et de l&rsquo;\u00e9troite interd\u00e9pendance de ces deux th\u00e8mes et les mettre \u00e0 l&rsquo;ordre du jour.<\/p>\n<p>La matin\u00e9e s&rsquo;est d\u00e9roul\u00e9e sous forme de webinaire et comprenait des keynotes, de brefs inputs, une session de networking interactive ainsi qu&rsquo;une table ronde. L&rsquo;apr\u00e8s-midi s&rsquo;est ensuite d\u00e9roul\u00e9e en plusieurs sessions de deep-dive parall\u00e8les, chacune ax\u00e9e sur un th\u00e8me particulier.<\/p>\n<p>[\/et_pb_text][\/et_pb_column][\/et_pb_row][et_pb_row _builder_version=\u00a0\u00bb4.20.2&Prime; _module_preset=\u00a0\u00bbdefault\u00a0\u00bb global_colors_info=\u00a0\u00bb{}\u00a0\u00bb][et_pb_column type=\u00a0\u00bb4_4&Prime; _builder_version=\u00a0\u00bb4.20.2&Prime; _module_preset=\u00a0\u00bbdefault\u00a0\u00bb global_colors_info=\u00a0\u00bb{}\u00a0\u00bb][et_pb_text _builder_version=\u00a0\u00bb4.20.2&Prime; _module_preset=\u00a0\u00bb03dee375-ec40-4faa-8f7f-e7ea34a19bda\u00a0\u00bb global_colors_info=\u00a0\u00bb{}\u00a0\u00bb]<\/p>\n<h2><span>Prise de position \u00e0 l&rsquo;attention de la politique<\/span><\/h2>\n<p><span>Lors du Congr\u00e8s Nature 2021 d&rsquo;eco.ch, des expert(e)s ont mis en lumi\u00e8re la crise de la biodiversit\u00e9 et ont \u00e9labor\u00e9 ensemble des solutions pour une protection efficace de la biodiversit\u00e9. Les principales conclusions et les mesures \u00e0 prendre ont \u00e9t\u00e9 r\u00e9sum\u00e9es dans une prise de position.<\/span><\/p>\n<p>[\/et_pb_text][et_pb_button button_url=\u00a0\u00bbhttps:\/\/testumgebung.eco.ch\/wp-content\/uploads\/2023\/03\/Positionspapier_eco.ch_15.9.202.Final_.pdf\u00a0\u00bb button_text=\u00a0\u00bbPrise de position\u00a0\u00bb _builder_version=\u00a0\u00bb4.20.2&Prime; _module_preset=\u00a0\u00bbdefault\u00a0\u00bb custom_button=\u00a0\u00bbon\u00a0\u00bb button_text_color=\u00a0\u00bb#8a3024&Prime; global_colors_info=\u00a0\u00bb{}\u00a0\u00bb][\/et_pb_button][\/et_pb_column][\/et_pb_row][\/et_pb_section][et_pb_section fb_built=\u00a0\u00bb1&Prime; _builder_version=\u00a0\u00bb4.20.2&Prime; _module_preset=\u00a0\u00bbdefault\u00a0\u00bb background_color=\u00a0\u00bb#8a3024&Prime; global_colors_info=\u00a0\u00bb{}\u00a0\u00bb][et_pb_row _builder_version=\u00a0\u00bb4.20.2&Prime; _module_preset=\u00a0\u00bbdefault\u00a0\u00bb global_colors_info=\u00a0\u00bb{}\u00a0\u00bb][et_pb_column type=\u00a0\u00bb4_4&Prime; _builder_version=\u00a0\u00bb4.20.2&Prime; _module_preset=\u00a0\u00bbdefault\u00a0\u00bb global_colors_info=\u00a0\u00bb{}\u00a0\u00bb][et_pb_video src=\u00a0\u00bbhttps:\/\/www.youtube.com\/watch?v=f1THx2Babhg\u00a0\u00bb _builder_version=\u00a0\u00bb4.20.2&Prime; _module_preset=\u00a0\u00bbdefault\u00a0\u00bb global_colors_info=\u00a0\u00bb{}\u00a0\u00bb][\/et_pb_video][\/et_pb_column][\/et_pb_row][et_pb_row _builder_version=\u00a0\u00bb4.20.2&Prime; _module_preset=\u00a0\u00bbdefault\u00a0\u00bb global_colors_info=\u00a0\u00bb{}\u00a0\u00bb][et_pb_column type=\u00a0\u00bb4_4&Prime; _builder_version=\u00a0\u00bb4.20.2&Prime; _module_preset=\u00a0\u00bbdefault\u00a0\u00bb global_colors_info=\u00a0\u00bb{}\u00a0\u00bb][et_pb_text _builder_version=\u00a0\u00bb4.20.2&Prime; _module_preset=\u00a0\u00bb03dee375-ec40-4faa-8f7f-e7ea34a19bda\u00a0\u00bb global_colors_info=\u00a0\u00bb{}\u00a0\u00bb]<\/p>\n<h1 id=\"cmsms_heading_64170d6660732\" class=\"cmsms_heading\"><span style=\"color: #ffffff;\">C&rsquo;\u00e9tait le Congr\u00e8s 2021<\/span><\/h1>\n<div class=\"cmsms_text\">\n<p><span style=\"color: #ffffff;\">Vous pouvez revoir ici la matin\u00e9e du Congr\u00e8s Nature dans son int\u00e9gralit\u00e9.<\/span><\/p>\n<\/div>\n<p>[\/et_pb_text][et_pb_button button_url=\u00a0\u00bbhttps:\/\/testumgebung.eco.ch\/wp-content\/uploads\/2023\/03\/Flyer_Naturkongress_2021.pdf\u00a0\u00bb button_text=\u00a0\u00bbC&rsquo;\u00e9tait le programme 2021&Prime; _builder_version=\u00a0\u00bb4.20.2&Prime; _module_preset=\u00a0\u00bbdefault\u00a0\u00bb custom_button=\u00a0\u00bbon\u00a0\u00bb button_text_color=\u00a0\u00bb#ffffff\u00a0\u00bb global_colors_info=\u00a0\u00bb{}\u00a0\u00bb][\/et_pb_button][et_pb_button button_url=\u00a0\u00bb@ET-DC@eyJkeW5hbWljIjp0cnVlLCJjb250ZW50IjoicG9zdF9saW5rX3VybF9wYWdlIiwic2V0dGluZ3MiOnsicG9zdF9pZCI6IjE5Mjc4In19@\u00a0\u00bb button_text=\u00a0\u00bbR\u00e9sultats des sessions de deep-dive\u00a0\u00bb _builder_version=\u00a0\u00bb4.20.2&Prime; _dynamic_attributes=\u00a0\u00bbbutton_url\u00a0\u00bb _module_preset=\u00a0\u00bbdefault\u00a0\u00bb custom_button=\u00a0\u00bbon\u00a0\u00bb button_text_color=\u00a0\u00bb#FFFFFF\u00a0\u00bb hover_enabled=\u00a0\u00bb0&Prime; global_colors_info=\u00a0\u00bb{}\u00a0\u00bb sticky_enabled=\u00a0\u00bb0&Prime;][\/et_pb_button][\/et_pb_column][\/et_pb_row][\/et_pb_section][et_pb_section fb_built=\u00a0\u00bb1&Prime; _builder_version=\u00a0\u00bb4.20.2&Prime; _module_preset=\u00a0\u00bbdefault\u00a0\u00bb background_color=\u00a0\u00bb#99cce9&Prime; global_colors_info=\u00a0\u00bb{}\u00a0\u00bb][et_pb_row _builder_version=\u00a0\u00bb4.20.2&Prime; _module_preset=\u00a0\u00bbdefault\u00a0\u00bb global_colors_info=\u00a0\u00bb{}\u00a0\u00bb][et_pb_column type=\u00a0\u00bb4_4&Prime; _builder_version=\u00a0\u00bb4.20.2&Prime; _module_preset=\u00a0\u00bbdefault\u00a0\u00bb global_colors_info=\u00a0\u00bb{}\u00a0\u00bb][et_pb_text _builder_version=\u00a0\u00bb4.20.2&Prime; _module_preset=\u00a0\u00bb03dee375-ec40-4faa-8f7f-e7ea34a19bda\u00a0\u00bb global_colors_info=\u00a0\u00bb{}\u00a0\u00bb]<\/p>\n<h2 id=\"cmsms_heading_64170d66608b3\" class=\"cmsms_heading\">Organe Fa\u00eetier eco.ch<\/h2>\n<p>[\/et_pb_text][\/et_pb_column][\/et_pb_row][et_pb_row _builder_version=\u00a0\u00bb4.20.2&Prime; _module_preset=\u00a0\u00bbdefault\u00a0\u00bb global_colors_info=\u00a0\u00bb{}\u00a0\u00bb][et_pb_column type=\u00a0\u00bb4_4&Prime; _builder_version=\u00a0\u00bb4.20.2&Prime; _module_preset=\u00a0\u00bbdefault\u00a0\u00bb global_colors_info=\u00a0\u00bb{}\u00a0\u00bb][et_pb_image src=\u00a0\u00bbhttps:\/\/eco.ch\/wp-content\/uploads\/2023\/02\/Logoleiste-Tragerschaft-NEU_DE_2021-03-16-02.png\u00a0\u00bb title_text=\u00a0\u00bbLogoleiste-Tr\u00e4gerschaft-NEU_DE_2021-03-16-02&Prime; _builder_version=\u00a0\u00bb4.20.2&Prime; _module_preset=\u00a0\u00bbdefault\u00a0\u00bb global_colors_info=\u00a0\u00bb{}\u00a0\u00bb][\/et_pb_image][\/et_pb_column][\/et_pb_row][\/et_pb_section][et_pb_section fb_built=\u00a0\u00bb1&Prime; _builder_version=\u00a0\u00bb4.20.2&Prime; _module_preset=\u00a0\u00bbdefault\u00a0\u00bb global_colors_info=\u00a0\u00bb{}\u00a0\u00bb][et_pb_row _builder_version=\u00a0\u00bb4.20.2&Prime; _module_preset=\u00a0\u00bbdefault\u00a0\u00bb global_colors_info=\u00a0\u00bb{}\u00a0\u00bb][et_pb_column type=\u00a0\u00bb4_4&Prime; _builder_version=\u00a0\u00bb4.20.2&Prime; _module_preset=\u00a0\u00bbdefault\u00a0\u00bb global_colors_info=\u00a0\u00bb{}\u00a0\u00bb][et_pb_text _builder_version=\u00a0\u00bb4.20.2&Prime; _module_preset=\u00a0\u00bb03dee375-ec40-4faa-8f7f-e7ea34a19bda\u00a0\u00bb global_colors_info=\u00a0\u00bb{}\u00a0\u00bb]<\/p>\n<h2>Message vid\u00e9o &amp; enqu\u00eate de rue<\/h2>\n<p>Un message vid\u00e9o ainsi qu&rsquo;une enqu\u00eate de rue ont suscit\u00e9 le d\u00e9bat en amont du Congr\u00e8s Nature.<\/p>\n<p>[\/et_pb_text][\/et_pb_column][\/et_pb_row][et_pb_row column_structure=\u00a0\u00bb1_2,1_2&Prime; _builder_version=\u00a0\u00bb4.20.2&Prime; _module_preset=\u00a0\u00bbdefault\u00a0\u00bb global_colors_info=\u00a0\u00bb{}\u00a0\u00bb][et_pb_column type=\u00a0\u00bb1_2&Prime; _builder_version=\u00a0\u00bb4.20.2&Prime; _module_preset=\u00a0\u00bbdefault\u00a0\u00bb global_colors_info=\u00a0\u00bb{}\u00a0\u00bb][et_pb_video src=\u00a0\u00bbhttps:\/\/www.youtube.com\/watch?v=UT0RoG6Z-P0&Prime; _builder_version=\u00a0\u00bb4.20.2&Prime; _module_preset=\u00a0\u00bbdefault\u00a0\u00bb global_colors_info=\u00a0\u00bb{}\u00a0\u00bb][\/et_pb_video][et_pb_text _builder_version=\u00a0\u00bb4.20.2&Prime; _module_preset=\u00a0\u00bbdefault\u00a0\u00bb global_colors_info=\u00a0\u00bb{}\u00a0\u00bb]<\/p>\n<p><strong>\u00abElargissons nos r\u00e9seaux, d\u00e9veloppons des id\u00e9es, utilisons les synergies et concluons des partenariats. Ainsi, le 26 ao\u00fbt, nous trouverons ensemble des solutions pour un avenir durable et donnerons un signal en faveur de la biodiversit\u00e9.\u00bb<\/strong><\/p>\n<p>Message vid\u00e9o de Gabriela Suter, pr\u00e9sidente eco.ch \/ Conseill\u00e8re nationale<\/p>\n<p>[\/et_pb_text][\/et_pb_column][et_pb_column type=\u00a0\u00bb1_2&Prime; _builder_version=\u00a0\u00bb4.20.2&Prime; _module_preset=\u00a0\u00bbdefault\u00a0\u00bb global_colors_info=\u00a0\u00bb{}\u00a0\u00bb][et_pb_video src=\u00a0\u00bbhttps:\/\/www.youtube.com\/watch?v=rrngurcCGN0&Prime; _builder_version=\u00a0\u00bb4.20.2&Prime; _module_preset=\u00a0\u00bbdefault\u00a0\u00bb global_colors_info=\u00a0\u00bb{}\u00a0\u00bb][\/et_pb_video][et_pb_text _builder_version=\u00a0\u00bb4.20.2&Prime; _module_preset=\u00a0\u00bbdefault\u00a0\u00bb global_colors_info=\u00a0\u00bb{}\u00a0\u00bb]<\/p>\n<p><strong>\u00abSi l&rsquo;on en faisait suffisamment, il n&rsquo;y aurait pas une telle disparition d&rsquo;esp\u00e8ces. Il y a encore un grand retard \u00e0 rattraper.\u00bb<\/strong><\/p>\n<p>Passant, Roman Krahl<\/p>\n<p>Dans une enqu\u00eate de rue r\u00e9alis\u00e9 par le collectif audio \u00ab\u00a0Bi aller Liebi\u00a0\u00bb pour le Congr\u00e8s Nature d&rsquo;eco.ch 2021, des passants racontent ce que la nature repr\u00e9sente pour eux et ce qu&rsquo;ils pensent de la biodiversit\u00e9. Les enregistrements pr\u00e9sent\u00e9es servent \u00e0 faire un \u00e9tat des lieux et donnent un aper\u00e7u de l&rsquo;\u00e9tat de la th\u00e9matique aupr\u00e8s de la population civile.<\/p>\n<p>[\/et_pb_text][\/et_pb_column][\/et_pb_row][\/et_pb_section]<\/p>\n","protected":false},"excerpt":{"rendered":"<p>C&rsquo;\u00e9tait le Congr\u00e8s Nature 2021 Le 14e Congr\u00e8s Nature a eu lieu le 26 ao\u00fbt 2021 et un total d&rsquo;environ 310 personnes ont particip\u00e9 au webinaire du matin et 160 personnes ont assist\u00e9 aux sessions de deep-dive de l&rsquo;apr\u00e8s-midi. Des expert(e)s de diff\u00e9rents domaines se sont r\u00e9unis pour discuter ensemble de la th\u00e9matique \u00ab\u00a0Biodiversit\u00e9 en [&hellip;]<\/p>\n","protected":false},"author":71,"featured_media":0,"parent":0,"menu_order":0,"comment_status":"closed","ping_status":"closed","template":"","meta":{"_et_pb_use_builder":"on","_et_pb_old_content":"","_et_gb_content_width":"","inline_featured_image":false,"footnotes":""},"class_list":["post-19626","page","type-page","status-publish","hentry"],"yoast_head":"<!-- This site is optimized with the Yoast SEO plugin v27.4 - https:\/\/yoast.com\/product\/yoast-seo-wordpress\/ -->\n<title>Congr\u00e8s en ligne 2021 - eco.ch<\/title>\n<meta name=\"robots\" content=\"index, follow, max-snippet:-1, max-image-preview:large, max-video-preview:-1\" \/>\n<link rel=\"canonical\" href=\"https:\/\/eco.ch\/fr\/congres-en-ligne-2021\/\" \/>\n<meta property=\"og:locale\" content=\"fr_FR\" \/>\n<meta property=\"og:type\" content=\"article\" \/>\n<meta property=\"og:title\" content=\"Congr\u00e8s en ligne 2021 - eco.ch\" \/>\n<meta property=\"og:description\" content=\"C&#039;\u00e9tait le Congr\u00e8s Nature 2021 Le 14e Congr\u00e8s Nature a eu lieu le 26 ao\u00fbt 2021 et un total d&#039;environ 310 personnes ont particip\u00e9 au webinaire du matin et 160 personnes ont assist\u00e9 aux sessions de deep-dive de l&#039;apr\u00e8s-midi. Des expert(e)s de diff\u00e9rents domaines se sont r\u00e9unis pour discuter ensemble de la th\u00e9matique &quot;Biodiversit\u00e9 en [&hellip;]\" \/>\n<meta property=\"og:url\" content=\"https:\/\/eco.ch\/fr\/congres-en-ligne-2021\/\" \/>\n<meta property=\"og:site_name\" content=\"eco.ch\" \/>\n<meta property=\"article:publisher\" content=\"https:\/\/www.facebook.com\/eco.ch.forum\" \/>\n<meta property=\"article:modified_time\" content=\"2023-05-31T11:52:51+00:00\" \/>\n<meta name=\"twitter:card\" content=\"summary_large_image\" \/>\n<meta name=\"twitter:site\" content=\"@eco_ch_forum\" \/>\n<meta name=\"twitter:label1\" content=\"Dur\u00e9e de lecture estim\u00e9e\" \/>\n\t<meta name=\"twitter:data1\" content=\"6 minutes\" \/>\n<script type=\"application\/ld+json\" class=\"yoast-schema-graph\">{\"@context\":\"https:\\\/\\\/schema.org\",\"@graph\":[{\"@type\":\"WebPage\",\"@id\":\"https:\\\/\\\/eco.ch\\\/fr\\\/congres-en-ligne-2021\\\/\",\"url\":\"https:\\\/\\\/eco.ch\\\/fr\\\/congres-en-ligne-2021\\\/\",\"name\":\"Congr\u00e8s en ligne 2021 - eco.ch\",\"isPartOf\":{\"@id\":\"https:\\\/\\\/eco.ch\\\/#website\"},\"datePublished\":\"2023-03-22T15:41:52+00:00\",\"dateModified\":\"2023-05-31T11:52:51+00:00\",\"breadcrumb\":{\"@id\":\"https:\\\/\\\/eco.ch\\\/fr\\\/congres-en-ligne-2021\\\/#breadcrumb\"},\"inLanguage\":\"fr-FR\",\"potentialAction\":[{\"@type\":\"ReadAction\",\"target\":[\"https:\\\/\\\/eco.ch\\\/fr\\\/congres-en-ligne-2021\\\/\"]}]},{\"@type\":\"BreadcrumbList\",\"@id\":\"https:\\\/\\\/eco.ch\\\/fr\\\/congres-en-ligne-2021\\\/#breadcrumb\",\"itemListElement\":[{\"@type\":\"ListItem\",\"position\":1,\"name\":\"Home\",\"item\":\"https:\\\/\\\/eco.ch\\\/fr\\\/\"},{\"@type\":\"ListItem\",\"position\":2,\"name\":\"Congr\u00e8s en ligne 2021\"}]},{\"@type\":\"WebSite\",\"@id\":\"https:\\\/\\\/eco.ch\\\/#website\",\"url\":\"https:\\\/\\\/eco.ch\\\/\",\"name\":\"eco.ch\",\"description\":\"Forum f\u00fcr nachhaltige Entwicklung\",\"potentialAction\":[{\"@type\":\"SearchAction\",\"target\":{\"@type\":\"EntryPoint\",\"urlTemplate\":\"https:\\\/\\\/eco.ch\\\/?s={search_term_string}\"},\"query-input\":{\"@type\":\"PropertyValueSpecification\",\"valueRequired\":true,\"valueName\":\"search_term_string\"}}],\"inLanguage\":\"fr-FR\"}]}<\/script>\n<!-- \/ Yoast SEO plugin. -->","yoast_head_json":{"title":"Congr\u00e8s en ligne 2021 - eco.ch","robots":{"index":"index","follow":"follow","max-snippet":"max-snippet:-1","max-image-preview":"max-image-preview:large","max-video-preview":"max-video-preview:-1"},"canonical":"https:\/\/eco.ch\/fr\/congres-en-ligne-2021\/","og_locale":"fr_FR","og_type":"article","og_title":"Congr\u00e8s en ligne 2021 - eco.ch","og_description":"C'\u00e9tait le Congr\u00e8s Nature 2021 Le 14e Congr\u00e8s Nature a eu lieu le 26 ao\u00fbt 2021 et un total d'environ 310 personnes ont particip\u00e9 au webinaire du matin et 160 personnes ont assist\u00e9 aux sessions de deep-dive de l'apr\u00e8s-midi. Des expert(e)s de diff\u00e9rents domaines se sont r\u00e9unis pour discuter ensemble de la th\u00e9matique \"Biodiversit\u00e9 en [&hellip;]","og_url":"https:\/\/eco.ch\/fr\/congres-en-ligne-2021\/","og_site_name":"eco.ch","article_publisher":"https:\/\/www.facebook.com\/eco.ch.forum","article_modified_time":"2023-05-31T11:52:51+00:00","twitter_card":"summary_large_image","twitter_site":"@eco_ch_forum","twitter_misc":{"Dur\u00e9e de lecture estim\u00e9e":"6 minutes"},"schema":{"@context":"https:\/\/schema.org","@graph":[{"@type":"WebPage","@id":"https:\/\/eco.ch\/fr\/congres-en-ligne-2021\/","url":"https:\/\/eco.ch\/fr\/congres-en-ligne-2021\/","name":"Congr\u00e8s en ligne 2021 - eco.ch","isPartOf":{"@id":"https:\/\/eco.ch\/#website"},"datePublished":"2023-03-22T15:41:52+00:00","dateModified":"2023-05-31T11:52:51+00:00","breadcrumb":{"@id":"https:\/\/eco.ch\/fr\/congres-en-ligne-2021\/#breadcrumb"},"inLanguage":"fr-FR","potentialAction":[{"@type":"ReadAction","target":["https:\/\/eco.ch\/fr\/congres-en-ligne-2021\/"]}]},{"@type":"BreadcrumbList","@id":"https:\/\/eco.ch\/fr\/congres-en-ligne-2021\/#breadcrumb","itemListElement":[{"@type":"ListItem","position":1,"name":"Home","item":"https:\/\/eco.ch\/fr\/"},{"@type":"ListItem","position":2,"name":"Congr\u00e8s en ligne 2021"}]},{"@type":"WebSite","@id":"https:\/\/eco.ch\/#website","url":"https:\/\/eco.ch\/","name":"eco.ch","description":"Forum f\u00fcr nachhaltige Entwicklung","potentialAction":[{"@type":"SearchAction","target":{"@type":"EntryPoint","urlTemplate":"https:\/\/eco.ch\/?s={search_term_string}"},"query-input":{"@type":"PropertyValueSpecification","valueRequired":true,"valueName":"search_term_string"}}],"inLanguage":"fr-FR"}]}},"_links":{"self":[{"href":"https:\/\/eco.ch\/fr\/wp-json\/wp\/v2\/pages\/19626","targetHints":{"allow":["GET"]}}],"collection":[{"href":"https:\/\/eco.ch\/fr\/wp-json\/wp\/v2\/pages"}],"about":[{"href":"https:\/\/eco.ch\/fr\/wp-json\/wp\/v2\/types\/page"}],"author":[{"embeddable":true,"href":"https:\/\/eco.ch\/fr\/wp-json\/wp\/v2\/users\/71"}],"replies":[{"embeddable":true,"href":"https:\/\/eco.ch\/fr\/wp-json\/wp\/v2\/comments?post=19626"}],"version-history":[{"count":19,"href":"https:\/\/eco.ch\/fr\/wp-json\/wp\/v2\/pages\/19626\/revisions"}],"predecessor-version":[{"id":20337,"href":"https:\/\/eco.ch\/fr\/wp-json\/wp\/v2\/pages\/19626\/revisions\/20337"}],"wp:attachment":[{"href":"https:\/\/eco.ch\/fr\/wp-json\/wp\/v2\/media?parent=19626"}],"curies":[{"name":"wp","href":"https:\/\/api.w.org\/{rel}","templated":true}]}}