{"id":19613,"date":"2023-03-22T15:03:43","date_gmt":"2023-03-22T13:03:43","guid":{"rendered":"https:\/\/eco.ch\/impressum\/"},"modified":"2023-11-24T17:02:06","modified_gmt":"2023-11-24T15:02:06","slug":"impressum","status":"publish","type":"page","link":"https:\/\/eco.ch\/fr\/impressum\/","title":{"rendered":"Impressum"},"content":{"rendered":"<p>[et_pb_section fb_built=\u00a0\u00bb1&Prime; _builder_version=\u00a0\u00bb4.20.1&Prime; _module_preset=\u00a0\u00bbdefault\u00a0\u00bb global_colors_info=\u00a0\u00bb{}\u00a0\u00bb][et_pb_row _builder_version=\u00a0\u00bb4.20.1&Prime; _module_preset=\u00a0\u00bbdefault\u00a0\u00bb global_colors_info=\u00a0\u00bb{}\u00a0\u00bb][et_pb_column type=\u00a0\u00bb4_4&Prime; _builder_version=\u00a0\u00bb4.20.1&Prime; _module_preset=\u00a0\u00bbdefault\u00a0\u00bb global_colors_info=\u00a0\u00bb{}\u00a0\u00bb][et_pb_text _builder_version=\u00a0\u00bb4.20.1&Prime; _module_preset=\u00a0\u00bbdefault\u00a0\u00bb global_colors_info=\u00a0\u00bb{}\u00a0\u00bb]<\/p>\n<h1>Impressum<\/h1>\n<p>[\/et_pb_text][\/et_pb_column][\/et_pb_row][et_pb_row _builder_version=\u00a0\u00bb4.20.1&Prime; _module_preset=\u00a0\u00bbdefault\u00a0\u00bb global_colors_info=\u00a0\u00bb{}\u00a0\u00bb][et_pb_column type=\u00a0\u00bb4_4&Prime; _builder_version=\u00a0\u00bb4.20.1&Prime; _module_preset=\u00a0\u00bbdefault\u00a0\u00bb global_colors_info=\u00a0\u00bb{}\u00a0\u00bb][et_pb_text _builder_version=\u00a0\u00bb4.20.2&Prime; _module_preset=\u00a0\u00bbdefault\u00a0\u00bb global_colors_info=\u00a0\u00bb{}\u00a0\u00bb]<\/p>\n<h4>Adresse de contact:<\/h4>\n<p>Claudia St\u00fcrzinger<br \/>Direction g\u00e9n\u00e9rale<\/p>\n<p><a href=\"mailto:info@eco.ch\">info@eco.ch<\/a><br \/>+41 61 205 10 33<\/p>\n<p>eco.ch<br \/>Elisabethenstrasse 22<br \/>4051 B\u00e2le<br \/>Suisse<\/p>\n<div>\n<p>&nbsp;<\/p>\n<h4>Exclusion de responsabilit\u00e9<\/h4>\n<\/div>\n<p>L&rsquo;auteur n&rsquo;assume aucune responsabilit\u00e9 quant \u00e0 la v\u00e9racit\u00e9, l&rsquo;exactitude, l&rsquo;actualit\u00e9, la fiabilit\u00e9 et l&rsquo;exhaustivit\u00e9 du contenu des informations. L&rsquo;auteur ne saurait \u00eatre tenu pour responsable des dommages mat\u00e9riels ou immat\u00e9riels qui pourraient \u00eatre caus\u00e9s par l&rsquo;acc\u00e8s aux informations diffus\u00e9es ou par leur utilisation ou non-utilisation, par le mauvais usage de la connexion ou par des probl\u00e8mes techniques. Toutes les offres sont sans engagement. L&rsquo;auteur se r\u00e9serve express\u00e9ment le droit de modifier, de compl\u00e9ter ou de supprimer des parties de pages ou l&rsquo;ensemble de l&rsquo;offre sans avis pr\u00e9alable, ou d&rsquo;en suspendre temporairement ou d\u00e9finitivement la publication.<\/p>\n<p>&nbsp;<\/p>\n<h4>Responsabilit\u00e9 pour les liens<\/h4>\n<p>Les renvois et liens vers des sites web de tiers ne rel\u00e8vent pas de notre responsabilit\u00e9. Nous d\u00e9clinons toute responsabilit\u00e9 pour de tels sites. L&rsquo;acc\u00e8s \u00e0 de tels sites et leur utilisation se font aux risques et p\u00e9rils de l&rsquo;utilisateur ou de l&rsquo;utilisatrice.<\/p>\n<p>&nbsp;<\/p>\n<h4>Droits d&rsquo;auteur<\/h4>\n<p>Les droits d&rsquo;auteur et tous les autres droits relatifs aux contenus, images, photos ou autres fichiers pr\u00e9sents sur le site web appartiennent exclusivement \u00e0 la soci\u00e9t\u00e9 Prozirkula GmbH ou aux titulaires de droits sp\u00e9cialement cit\u00e9s. Pour la reproduction de tout \u00e9l\u00e9ment, l&rsquo;accord \u00e9crit des d\u00e9tenteurs des droits d&rsquo;auteur doit \u00eatre obtenu au pr\u00e9alable.<\/p>\n<p>[\/et_pb_text][\/et_pb_column][\/et_pb_row][\/et_pb_section]<\/p>\n","protected":false},"excerpt":{"rendered":"<p>ImpressumAdresse de contact: Claudia St\u00fcrzingerDirection g\u00e9n\u00e9rale info@eco.ch+41 61 205 10 33 eco.chElisabethenstrasse 224051 B\u00e2leSuisse &nbsp; Exclusion de responsabilit\u00e9 L&rsquo;auteur n&rsquo;assume aucune responsabilit\u00e9 quant \u00e0 la v\u00e9racit\u00e9, l&rsquo;exactitude, l&rsquo;actualit\u00e9, la fiabilit\u00e9 et l&rsquo;exhaustivit\u00e9 du contenu des informations. L&rsquo;auteur ne saurait \u00eatre tenu pour responsable des dommages mat\u00e9riels ou immat\u00e9riels qui pourraient \u00eatre caus\u00e9s par l&rsquo;acc\u00e8s aux [&hellip;]<\/p>\n","protected":false},"author":71,"featured_media":0,"parent":0,"menu_order":0,"comment_status":"closed","ping_status":"closed","template":"","meta":{"_et_pb_use_builder":"on","_et_pb_old_content":"","_et_gb_content_width":"","inline_featured_image":false,"footnotes":""},"class_list":["post-19613","page","type-page","status-publish","hentry"],"yoast_head":"<!-- This site is optimized with the Yoast SEO plugin v27.4 - https:\/\/yoast.com\/product\/yoast-seo-wordpress\/ -->\n<title>Impressum - eco.ch<\/title>\n<meta name=\"robots\" content=\"index, follow, max-snippet:-1, max-image-preview:large, max-video-preview:-1\" \/>\n<link rel=\"canonical\" href=\"https:\/\/eco.ch\/fr\/impressum\/\" \/>\n<meta property=\"og:locale\" content=\"fr_FR\" \/>\n<meta property=\"og:type\" content=\"article\" \/>\n<meta property=\"og:title\" content=\"Impressum - eco.ch\" \/>\n<meta property=\"og:description\" content=\"ImpressumAdresse de contact: Claudia St\u00fcrzingerDirection g\u00e9n\u00e9rale info@eco.ch+41 61 205 10 33 eco.chElisabethenstrasse 224051 B\u00e2leSuisse &nbsp; Exclusion de responsabilit\u00e9 L&#039;auteur n&#039;assume aucune responsabilit\u00e9 quant \u00e0 la v\u00e9racit\u00e9, l&#039;exactitude, l&#039;actualit\u00e9, la fiabilit\u00e9 et l&#039;exhaustivit\u00e9 du contenu des informations. L&#039;auteur ne saurait \u00eatre tenu pour responsable des dommages mat\u00e9riels ou immat\u00e9riels qui pourraient \u00eatre caus\u00e9s par l&#039;acc\u00e8s aux [&hellip;]\" \/>\n<meta property=\"og:url\" content=\"https:\/\/eco.ch\/fr\/impressum\/\" \/>\n<meta property=\"og:site_name\" content=\"eco.ch\" \/>\n<meta property=\"article:publisher\" content=\"https:\/\/www.facebook.com\/eco.ch.forum\" \/>\n<meta property=\"article:modified_time\" content=\"2023-11-24T15:02:06+00:00\" \/>\n<meta name=\"twitter:card\" content=\"summary_large_image\" \/>\n<meta name=\"twitter:site\" content=\"@eco_ch_forum\" \/>\n<meta name=\"twitter:label1\" content=\"Dur\u00e9e de lecture estim\u00e9e\" \/>\n\t<meta name=\"twitter:data1\" content=\"2 minutes\" \/>\n<script type=\"application\/ld+json\" class=\"yoast-schema-graph\">{\"@context\":\"https:\\\/\\\/schema.org\",\"@graph\":[{\"@type\":\"WebPage\",\"@id\":\"https:\\\/\\\/eco.ch\\\/fr\\\/impressum\\\/\",\"url\":\"https:\\\/\\\/eco.ch\\\/fr\\\/impressum\\\/\",\"name\":\"Impressum - eco.ch\",\"isPartOf\":{\"@id\":\"https:\\\/\\\/eco.ch\\\/#website\"},\"datePublished\":\"2023-03-22T13:03:43+00:00\",\"dateModified\":\"2023-11-24T15:02:06+00:00\",\"breadcrumb\":{\"@id\":\"https:\\\/\\\/eco.ch\\\/fr\\\/impressum\\\/#breadcrumb\"},\"inLanguage\":\"fr-FR\",\"potentialAction\":[{\"@type\":\"ReadAction\",\"target\":[\"https:\\\/\\\/eco.ch\\\/fr\\\/impressum\\\/\"]}]},{\"@type\":\"BreadcrumbList\",\"@id\":\"https:\\\/\\\/eco.ch\\\/fr\\\/impressum\\\/#breadcrumb\",\"itemListElement\":[{\"@type\":\"ListItem\",\"position\":1,\"name\":\"Home\",\"item\":\"https:\\\/\\\/eco.ch\\\/fr\\\/\"},{\"@type\":\"ListItem\",\"position\":2,\"name\":\"Impressum\"}]},{\"@type\":\"WebSite\",\"@id\":\"https:\\\/\\\/eco.ch\\\/#website\",\"url\":\"https:\\\/\\\/eco.ch\\\/\",\"name\":\"eco.ch\",\"description\":\"Forum f\u00fcr nachhaltige Entwicklung\",\"potentialAction\":[{\"@type\":\"SearchAction\",\"target\":{\"@type\":\"EntryPoint\",\"urlTemplate\":\"https:\\\/\\\/eco.ch\\\/?s={search_term_string}\"},\"query-input\":{\"@type\":\"PropertyValueSpecification\",\"valueRequired\":true,\"valueName\":\"search_term_string\"}}],\"inLanguage\":\"fr-FR\"}]}<\/script>\n<!-- \/ Yoast SEO plugin. -->","yoast_head_json":{"title":"Impressum - eco.ch","robots":{"index":"index","follow":"follow","max-snippet":"max-snippet:-1","max-image-preview":"max-image-preview:large","max-video-preview":"max-video-preview:-1"},"canonical":"https:\/\/eco.ch\/fr\/impressum\/","og_locale":"fr_FR","og_type":"article","og_title":"Impressum - eco.ch","og_description":"ImpressumAdresse de contact: Claudia St\u00fcrzingerDirection g\u00e9n\u00e9rale info@eco.ch+41 61 205 10 33 eco.chElisabethenstrasse 224051 B\u00e2leSuisse &nbsp; Exclusion de responsabilit\u00e9 L'auteur n'assume aucune responsabilit\u00e9 quant \u00e0 la v\u00e9racit\u00e9, l'exactitude, l'actualit\u00e9, la fiabilit\u00e9 et l'exhaustivit\u00e9 du contenu des informations. L'auteur ne saurait \u00eatre tenu pour responsable des dommages mat\u00e9riels ou immat\u00e9riels qui pourraient \u00eatre caus\u00e9s par l'acc\u00e8s aux [&hellip;]","og_url":"https:\/\/eco.ch\/fr\/impressum\/","og_site_name":"eco.ch","article_publisher":"https:\/\/www.facebook.com\/eco.ch.forum","article_modified_time":"2023-11-24T15:02:06+00:00","twitter_card":"summary_large_image","twitter_site":"@eco_ch_forum","twitter_misc":{"Dur\u00e9e de lecture estim\u00e9e":"2 minutes"},"schema":{"@context":"https:\/\/schema.org","@graph":[{"@type":"WebPage","@id":"https:\/\/eco.ch\/fr\/impressum\/","url":"https:\/\/eco.ch\/fr\/impressum\/","name":"Impressum - eco.ch","isPartOf":{"@id":"https:\/\/eco.ch\/#website"},"datePublished":"2023-03-22T13:03:43+00:00","dateModified":"2023-11-24T15:02:06+00:00","breadcrumb":{"@id":"https:\/\/eco.ch\/fr\/impressum\/#breadcrumb"},"inLanguage":"fr-FR","potentialAction":[{"@type":"ReadAction","target":["https:\/\/eco.ch\/fr\/impressum\/"]}]},{"@type":"BreadcrumbList","@id":"https:\/\/eco.ch\/fr\/impressum\/#breadcrumb","itemListElement":[{"@type":"ListItem","position":1,"name":"Home","item":"https:\/\/eco.ch\/fr\/"},{"@type":"ListItem","position":2,"name":"Impressum"}]},{"@type":"WebSite","@id":"https:\/\/eco.ch\/#website","url":"https:\/\/eco.ch\/","name":"eco.ch","description":"Forum f\u00fcr nachhaltige Entwicklung","potentialAction":[{"@type":"SearchAction","target":{"@type":"EntryPoint","urlTemplate":"https:\/\/eco.ch\/?s={search_term_string}"},"query-input":{"@type":"PropertyValueSpecification","valueRequired":true,"valueName":"search_term_string"}}],"inLanguage":"fr-FR"}]}},"_links":{"self":[{"href":"https:\/\/eco.ch\/fr\/wp-json\/wp\/v2\/pages\/19613","targetHints":{"allow":["GET"]}}],"collection":[{"href":"https:\/\/eco.ch\/fr\/wp-json\/wp\/v2\/pages"}],"about":[{"href":"https:\/\/eco.ch\/fr\/wp-json\/wp\/v2\/types\/page"}],"author":[{"embeddable":true,"href":"https:\/\/eco.ch\/fr\/wp-json\/wp\/v2\/users\/71"}],"replies":[{"embeddable":true,"href":"https:\/\/eco.ch\/fr\/wp-json\/wp\/v2\/comments?post=19613"}],"version-history":[{"count":12,"href":"https:\/\/eco.ch\/fr\/wp-json\/wp\/v2\/pages\/19613\/revisions"}],"predecessor-version":[{"id":22259,"href":"https:\/\/eco.ch\/fr\/wp-json\/wp\/v2\/pages\/19613\/revisions\/22259"}],"wp:attachment":[{"href":"https:\/\/eco.ch\/fr\/wp-json\/wp\/v2\/media?parent=19613"}],"curies":[{"name":"wp","href":"https:\/\/api.w.org\/{rel}","templated":true}]}}