{"id":19576,"date":"2023-03-22T13:27:42","date_gmt":"2023-03-22T11:27:42","guid":{"rendered":"https:\/\/eco.ch\/congres-nature-2023-2\/"},"modified":"2024-01-10T17:48:46","modified_gmt":"2024-01-10T15:48:46","slug":"congres-nature-2023","status":"publish","type":"page","link":"https:\/\/eco.ch\/fr\/congres-nature-2023\/","title":{"rendered":"Congr\u00e8s Nature 2023"},"content":{"rendered":"<p>[et_pb_section fb_built=\u00a0\u00bb1&Prime; fullwidth=\u00a0\u00bbon\u00a0\u00bb _builder_version=\u00a0\u00bb4.21.0&Prime; _module_preset=\u00a0\u00bbdefault\u00a0\u00bb global_colors_info=\u00a0\u00bb{}\u00a0\u00bb][et_pb_fullwidth_image src=\u00a0\u00bbhttps:\/\/eco.ch\/wp-content\/uploads\/2023\/08\/Titelbild_FR_Website.png\u00a0\u00bb title_text=\u00a0\u00bbTitelbild_FR_Website\u00a0\u00bb admin_label=\u00a0\u00bbVollbreites Bild\u00a0\u00bb _builder_version=\u00a0\u00bb4.22.1&Prime; _module_preset=\u00a0\u00bbdefault\u00a0\u00bb border_width_all=\u00a0\u00bb1px\u00a0\u00bb border_color_all=\u00a0\u00bb#c8bdab\u00a0\u00bb global_colors_info=\u00a0\u00bb{}\u00a0\u00bb][\/et_pb_fullwidth_image][\/et_pb_section][et_pb_section fb_built=\u00a0\u00bb1&Prime; admin_label=\u00a0\u00bbSektion\u00a0\u00bb _builder_version=\u00a0\u00bb4.21.0&Prime; _module_preset=\u00a0\u00bbdefault\u00a0\u00bb background_color=\u00a0\u00bb#c8bdab\u00a0\u00bb global_colors_info=\u00a0\u00bb{}\u00a0\u00bb][et_pb_row admin_label=\u00a0\u00bbZeile\u00a0\u00bb _builder_version=\u00a0\u00bb4.21.0&Prime; _module_preset=\u00a0\u00bbdefault\u00a0\u00bb custom_padding=\u00a0\u00bb||1px|||\u00a0\u00bb global_colors_info=\u00a0\u00bb{}\u00a0\u00bb][et_pb_column type=\u00a0\u00bb4_4&Prime; admin_label=\u00a0\u00bbSpalte\u00a0\u00bb _builder_version=\u00a0\u00bb4.20.1&Prime; _module_preset=\u00a0\u00bbdefault\u00a0\u00bb global_colors_info=\u00a0\u00bb{}\u00a0\u00bb][et_pb_text admin_label=\u00a0\u00bbText\u00a0\u00bb _builder_version=\u00a0\u00bb4.22.1&Prime; _module_preset=\u00a0\u00bb247a19d2-b03a-479a-a198-41fe931a5459&Prime; text_font=\u00a0\u00bb||||||||\u00a0\u00bb global_colors_info=\u00a0\u00bb{}\u00a0\u00bb]<\/p>\n<h2 style=\"font-weight: 400;\">C&rsquo;\u00e9tait le Congr\u00e8s Nature 2023<\/h2>\n<h4 style=\"font-weight: 400;\">\u00abSyst\u00e8mes alimentaires durables pour plus de biodiversit\u00e9 \u2013 du champ \u00e0 l&rsquo;assiette\u00bb<\/h4>\n<p>&nbsp;<\/p>\n<p>Comment surmonter constructif les tensions entre biodiversit\u00e9 et la production, la consommation et la commercialisation des aliments et mener des discussions intersectorielles? Comment r\u00e9ussir \u00e0 transformer vers des syst\u00e8mes alimentaires qui pr\u00e9servent et favorisent la biodiversit\u00e9 en collaboration avec toutes les parties prenantes? Le Congr\u00e8s Nature 2023 a mis l\u2019accent sur les synergies entre la conservation et la promotion de la biodiversit\u00e9 et la transformation vers des syst\u00e8mes alimentaires durables \u2013 du champ \u00e0 l\u2019assiette.<\/p>\n<p>Pr\u00e8s de 200 visiteur(e)s ont particip\u00e9 \u00e0 la discussion avec d\u2019autres sp\u00e9cialistes et personnes int\u00e9ress\u00e9es issues des milieux scientifiques, politiques, administratifs, de la soci\u00e9t\u00e9 civile et de l\u2019\u00e9conomie. Tels ont \u00e9t\u00e9 les moments forts du 16e Congr\u00e8s Nature :<\/p>\n<h6><\/h6>\n<ul>\n<li><span><strong>Inputs<\/strong>: Nous avons eu l&rsquo;honneur d&rsquo;accueillir Christian Hofer (OFAG), Johanna Jacobi (ETH Zurich), Niklaus Wagner (OFEV), Isabelle Fragni\u00e8re (OFAG) et Johanna Herrigel (Biovision et Agroecology Works!) en tant que conf\u00e9renciers et conf\u00e9renci\u00e8res principaux.<\/span><span><strong><\/strong><\/span><\/li>\n<li><span><strong>Place du march\u00e9 et r\u00e9seautageg<\/strong>: Une multitude de pr\u00e9sentations et d&rsquo;expositions ont donn\u00e9 un aper\u00e7u des solutions et des projets innovants qui favorisent la biodiversit\u00e9 dans nos syst\u00e8mes alimentaires. Le speed networking a permis aux participant(e)s de se mettre en r\u00e9seau et, esp\u00e9rons-le, de forger de nouvelles coop\u00e9rations pour un avenir durable.<\/span><\/li>\n<li><span><strong>Table Ronde \u00ab\u00a0Comment passer \u00e0 l&rsquo;action\u00a0\u00bb<\/strong>: Une discussion captivante avec des expert(e)s de toute la cha\u00eene de cr\u00e9ation de valeur qui ont abord\u00e9 des questions importantes sur la durabilit\u00e9. Pour tous ceux qui ont manqu\u00e9 la table ronde ou qui souhaitent la revivre, nous avons une grande nouvelle \u00e0 vous annoncer. La vid\u00e9o est disponible ici gr\u00e2ce \u00e0 la production de Plan Biodivers et Mission B :<\/span><\/li>\n<\/ul>\n<p style=\"font-weight: 400;\">\n<p>[\/et_pb_text][\/et_pb_column][\/et_pb_row][et_pb_row module_id=\u00a0\u00bbtableronde\u00a0\u00bb _builder_version=\u00a0\u00bb4.22.1&Prime; _module_preset=\u00a0\u00bbdefault\u00a0\u00bb global_colors_info=\u00a0\u00bb{}\u00a0\u00bb][et_pb_column type=\u00a0\u00bb4_4&Prime; _builder_version=\u00a0\u00bb4.22.1&Prime; _module_preset=\u00a0\u00bbdefault\u00a0\u00bb global_colors_info=\u00a0\u00bb{}\u00a0\u00bb][et_pb_code _builder_version=\u00a0\u00bb4.22.1&Prime; _module_preset=\u00a0\u00bbdefault\u00a0\u00bb global_colors_info=\u00a0\u00bb{}\u00a0\u00bb]<iframe loading=\"lazy\" width=\"560\" height=\"315\" src=\"https:\/\/www.youtube.com\/embed\/H_VqYD4yXuk?si=63_QVOIjhVW5A4UE\" title=\"YouTube video player\" frameborder=\"0\" allow=\"accelerometer; autoplay; clipboard-write; encrypted-media; gyroscope; picture-in-picture; web-share\" allowfullscreen=\"\"><\/iframe>[\/et_pb_code][\/et_pb_column][\/et_pb_row][et_pb_row _builder_version=\u00a0\u00bb4.22.1&Prime; _module_preset=\u00a0\u00bbdefault\u00a0\u00bb global_colors_info=\u00a0\u00bb{}\u00a0\u00bb][et_pb_column type=\u00a0\u00bb4_4&Prime; _builder_version=\u00a0\u00bb4.22.1&Prime; _module_preset=\u00a0\u00bbdefault\u00a0\u00bb global_colors_info=\u00a0\u00bb{}\u00a0\u00bb][et_pb_text admin_label=\u00a0\u00bbText\u00a0\u00bb _builder_version=\u00a0\u00bb4.22.1&Prime; _module_preset=\u00a0\u00bb247a19d2-b03a-479a-a198-41fe931a5459&Prime; text_font=\u00a0\u00bb||||||||\u00a0\u00bb global_colors_info=\u00a0\u00bb{}\u00a0\u00bb]<\/p>\n<ul>\n<li><span><span style=\"font-size: 16px; color: #0a014e;\"><strong>Sessions Deep-Dive et Speed-Talks<\/strong><\/span>: <span style=\"font-size: 16px; color: #0a014e;\">Nos ateliers interactifs et nos brefs expos\u00e9s ont permis aux participant(e)s de se plonger en profondeur dans des th\u00e8mes d&rsquo;actualit\u00e9 et de discuter de solutions possibles. Les r\u00e9sum\u00e9s des ateliers seront bient\u00f4t publi\u00e9s sur notre site web.<\/span><\/span><\/li>\n<\/ul>\n<p style=\"font-weight: 400;\">\n<p>[\/et_pb_text][\/et_pb_column][\/et_pb_row][et_pb_row admin_label=\u00a0\u00bbZeile\u00a0\u00bb _builder_version=\u00a0\u00bb4.22.1&Prime; _module_preset=\u00a0\u00bbdefault\u00a0\u00bb width=\u00a0\u00bb60%\u00a0\u00bb global_colors_info=\u00a0\u00bb{}\u00a0\u00bb][et_pb_column type=\u00a0\u00bb4_4&Prime; _builder_version=\u00a0\u00bb4.21.0&Prime; _module_preset=\u00a0\u00bbdefault\u00a0\u00bb global_colors_info=\u00a0\u00bb{}\u00a0\u00bb][et_pb_button button_url=\u00a0\u00bbhttps:\/\/eco.ch\/wp-content\/uploads\/2023\/08\/Programme_Congres-Nature_2023.pdf\u00a0\u00bb url_new_window=\u00a0\u00bbon\u00a0\u00bb button_text=\u00a0\u00bbProgramme\u00a0\u00bb button_alignment=\u00a0\u00bbcenter\u00a0\u00bb _builder_version=\u00a0\u00bb4.23.4&Prime; _module_preset=\u00a0\u00bbdefault\u00a0\u00bb custom_button=\u00a0\u00bbon\u00a0\u00bb button_text_color=\u00a0\u00bb#1A0052&Prime; button_border_color=\u00a0\u00bb#1A0052&Prime; background_layout=\u00a0\u00bbdark\u00a0\u00bb hover_enabled=\u00a0\u00bb0&Prime; global_colors_info=\u00a0\u00bb{}\u00a0\u00bb sticky_enabled=\u00a0\u00bb0&Prime;][\/et_pb_button][et_pb_button button_url=\u00a0\u00bbhttps:\/\/eco.ch\/fr\/orateurs-et-oratrices\/\u00a0\u00bb button_text=\u00a0\u00bbOrateurs et oratrices\u00a0\u00bb button_alignment=\u00a0\u00bbcenter\u00a0\u00bb _builder_version=\u00a0\u00bb4.23.4&Prime; _module_preset=\u00a0\u00bbdefault\u00a0\u00bb custom_button=\u00a0\u00bbon\u00a0\u00bb button_text_color=\u00a0\u00bb#1A0052&Prime; button_border_color=\u00a0\u00bb#1A0052&Prime; button_icon_color=\u00a0\u00bb#032B35&Prime; background_layout=\u00a0\u00bbdark\u00a0\u00bb hover_enabled=\u00a0\u00bb0&Prime; global_colors_info=\u00a0\u00bb{}\u00a0\u00bb sticky_enabled=\u00a0\u00bb0&Prime;][\/et_pb_button][et_pb_button button_url=\u00a0\u00bbhttps:\/\/eco.ch\/wp-content\/uploads\/2024\/01\/Rapport-de-resultats-2023.pdf\u00a0\u00bb url_new_window=\u00a0\u00bbon\u00a0\u00bb button_text=\u00a0\u00bbRapport de r\u00e9sultats\u00a0\u00bb button_alignment=\u00a0\u00bbcenter\u00a0\u00bb _builder_version=\u00a0\u00bb4.23.4&Prime; _module_preset=\u00a0\u00bbdefault\u00a0\u00bb custom_button=\u00a0\u00bbon\u00a0\u00bb button_text_color=\u00a0\u00bb#1A0052&Prime; button_border_color=\u00a0\u00bb#1A0052&Prime; button_icon_color=\u00a0\u00bb#032B35&Prime; background_layout=\u00a0\u00bbdark\u00a0\u00bb global_colors_info=\u00a0\u00bb{}\u00a0\u00bb][\/et_pb_button][\/et_pb_column][\/et_pb_row][et_pb_row admin_label=\u00a0\u00bbZeile\u00a0\u00bb _builder_version=\u00a0\u00bb4.22.1&Prime; _module_preset=\u00a0\u00bbdefault\u00a0\u00bb width=\u00a0\u00bb60%\u00a0\u00bb min_height=\u00a0\u00bb0px\u00a0\u00bb global_colors_info=\u00a0\u00bb{}\u00a0\u00bb][et_pb_column type=\u00a0\u00bb4_4&Prime; _builder_version=\u00a0\u00bb4.21.0&Prime; _module_preset=\u00a0\u00bbdefault\u00a0\u00bb global_colors_info=\u00a0\u00bb{}\u00a0\u00bb][\/et_pb_column][\/et_pb_row][et_pb_row _builder_version=\u00a0\u00bb4.21.2&Prime; _module_preset=\u00a0\u00bbdefault\u00a0\u00bb global_colors_info=\u00a0\u00bb{}\u00a0\u00bb][et_pb_column type=\u00a0\u00bb4_4&Prime; _builder_version=\u00a0\u00bb4.21.2&Prime; _module_preset=\u00a0\u00bbdefault\u00a0\u00bb global_colors_info=\u00a0\u00bb{}\u00a0\u00bb][et_pb_text _builder_version=\u00a0\u00bb4.21.2&Prime; _module_preset=\u00a0\u00bbdefault\u00a0\u00bb text_text_color=\u00a0\u00bb#1A0052&Prime; global_colors_info=\u00a0\u00bb{}\u00a0\u00bb]<\/p>\n<p><strong>Nos supporters<\/strong><\/p>\n<p>[\/et_pb_text][\/et_pb_column][\/et_pb_row][et_pb_row _builder_version=\u00a0\u00bb4.21.2&Prime; _module_preset=\u00a0\u00bbdefault\u00a0\u00bb global_colors_info=\u00a0\u00bb{}\u00a0\u00bb][et_pb_column type=\u00a0\u00bb4_4&Prime; _builder_version=\u00a0\u00bb4.21.2&Prime; _module_preset=\u00a0\u00bbdefault\u00a0\u00bb global_colors_info=\u00a0\u00bb{}\u00a0\u00bb][et_pb_image src=\u00a0\u00bbhttps:\/\/eco.ch\/wp-content\/uploads\/2023\/08\/Logoleiste_UnterstuetzerInnen-2.png\u00a0\u00bb title_text=\u00a0\u00bbLogoleiste_Unterst\u00fctzerInnen\u00a0\u00bb align=\u00a0\u00bbcenter\u00a0\u00bb _builder_version=\u00a0\u00bb4.22.0&Prime; _module_preset=\u00a0\u00bbdefault\u00a0\u00bb width=\u00a0\u00bb87%\u00a0\u00bb custom_margin=\u00a0\u00bb-35px||||false|false\u00a0\u00bb global_colors_info=\u00a0\u00bb{}\u00a0\u00bb][\/et_pb_image][\/et_pb_column][\/et_pb_row][et_pb_row _builder_version=\u00a0\u00bb4.21.2&Prime; _module_preset=\u00a0\u00bbdefault\u00a0\u00bb global_colors_info=\u00a0\u00bb{}\u00a0\u00bb][et_pb_column type=\u00a0\u00bb4_4&Prime; _builder_version=\u00a0\u00bb4.21.2&Prime; _module_preset=\u00a0\u00bbdefault\u00a0\u00bb global_colors_info=\u00a0\u00bb{}\u00a0\u00bb][et_pb_text _builder_version=\u00a0\u00bb4.21.2&Prime; _module_preset=\u00a0\u00bbdefault\u00a0\u00bb text_text_color=\u00a0\u00bb#1A0052&Prime; global_colors_info=\u00a0\u00bb{}\u00a0\u00bb]<\/p>\n<p><strong>Nos membres<\/strong><\/p>\n<p>[\/et_pb_text][\/et_pb_column][\/et_pb_row][et_pb_row _builder_version=\u00a0\u00bb4.21.2&Prime; _module_preset=\u00a0\u00bbdefault\u00a0\u00bb global_colors_info=\u00a0\u00bb{}\u00a0\u00bb][et_pb_column type=\u00a0\u00bb4_4&Prime; _builder_version=\u00a0\u00bb4.21.2&Prime; _module_preset=\u00a0\u00bbdefault\u00a0\u00bb global_colors_info=\u00a0\u00bb{}\u00a0\u00bb][et_pb_image src=\u00a0\u00bbhttps:\/\/eco.ch\/wp-content\/uploads\/2023\/11\/Logoleiste_Mitgliedschaft_transparent_NEU-2.png\u00a0\u00bb title_text=\u00a0\u00bbLogoleiste_Mitgliedschaft_transparent_NEU\u00a0\u00bb align=\u00a0\u00bbcenter\u00a0\u00bb _builder_version=\u00a0\u00bb4.23.1&Prime; _module_preset=\u00a0\u00bbdefault\u00a0\u00bb width=\u00a0\u00bb90%\u00a0\u00bb custom_margin=\u00a0\u00bb-35px||||false|false\u00a0\u00bb global_colors_info=\u00a0\u00bb{}\u00a0\u00bb][\/et_pb_image][\/et_pb_column][\/et_pb_row][\/et_pb_section]<\/p>\n","protected":false},"excerpt":{"rendered":"<p>C&rsquo;\u00e9tait le Congr\u00e8s Nature 2023 \u00abSyst\u00e8mes alimentaires durables pour plus de biodiversit\u00e9 \u2013 du champ \u00e0 l&rsquo;assiette\u00bb &nbsp; Comment surmonter constructif les tensions entre biodiversit\u00e9 et la production, la consommation et la commercialisation des aliments et mener des discussions intersectorielles? Comment r\u00e9ussir \u00e0 transformer vers des syst\u00e8mes alimentaires qui pr\u00e9servent et favorisent la biodiversit\u00e9 en [&hellip;]<\/p>\n","protected":false},"author":71,"featured_media":0,"parent":0,"menu_order":0,"comment_status":"closed","ping_status":"closed","template":"","meta":{"_et_pb_use_builder":"on","_et_pb_old_content":"","_et_gb_content_width":"","inline_featured_image":false,"footnotes":""},"class_list":["post-19576","page","type-page","status-publish","hentry"],"yoast_head":"<!-- This site is optimized with the Yoast SEO plugin v27.4 - https:\/\/yoast.com\/product\/yoast-seo-wordpress\/ -->\n<title>Congr\u00e8s Nature 2023 - eco.ch<\/title>\n<meta name=\"robots\" content=\"index, follow, max-snippet:-1, max-image-preview:large, max-video-preview:-1\" \/>\n<link rel=\"canonical\" href=\"https:\/\/eco.ch\/fr\/congres-nature-2023\/\" \/>\n<meta property=\"og:locale\" content=\"fr_FR\" \/>\n<meta property=\"og:type\" content=\"article\" \/>\n<meta property=\"og:title\" content=\"R\u00e9servez vos billets maintenant !\" \/>\n<meta property=\"og:description\" content=\"Les billets sont disponibles d\u00e8s maintenant en pr\u00e9vente.\" \/>\n<meta property=\"og:url\" content=\"https:\/\/eco.ch\/fr\/congres-nature-2023\/\" \/>\n<meta property=\"og:site_name\" content=\"eco.ch\" \/>\n<meta property=\"article:publisher\" content=\"https:\/\/www.facebook.com\/eco.ch.forum\" \/>\n<meta property=\"article:modified_time\" content=\"2024-01-10T15:48:46+00:00\" \/>\n<meta property=\"og:image\" content=\"https:\/\/eco.ch\/wp-content\/uploads\/2023\/05\/Titelbild_Bettmeralp_Mailkopf_2-1024x369.png\" \/>\n<meta name=\"twitter:card\" content=\"summary_large_image\" \/>\n<meta name=\"twitter:title\" content=\"R\u00e9servez vos billets maintenant !\" \/>\n<meta name=\"twitter:description\" content=\"Les billets sont disponibles d\u00e8s maintenant en pr\u00e9vente.\" \/>\n<meta name=\"twitter:image\" content=\"https:\/\/eco.ch\/wp-content\/uploads\/2023\/05\/Titelbild_Bettmeralp_2-1-1024x750.png\" \/>\n<meta name=\"twitter:site\" content=\"@eco_ch_forum\" \/>\n<meta name=\"twitter:label1\" content=\"Dur\u00e9e de lecture estim\u00e9e\" \/>\n\t<meta name=\"twitter:data1\" content=\"3 minutes\" \/>\n<script type=\"application\/ld+json\" class=\"yoast-schema-graph\">{\"@context\":\"https:\\\/\\\/schema.org\",\"@graph\":[{\"@type\":\"WebPage\",\"@id\":\"https:\\\/\\\/eco.ch\\\/fr\\\/congres-nature-2023\\\/\",\"url\":\"https:\\\/\\\/eco.ch\\\/fr\\\/congres-nature-2023\\\/\",\"name\":\"Congr\u00e8s Nature 2023 - eco.ch\",\"isPartOf\":{\"@id\":\"https:\\\/\\\/eco.ch\\\/#website\"},\"datePublished\":\"2023-03-22T11:27:42+00:00\",\"dateModified\":\"2024-01-10T15:48:46+00:00\",\"breadcrumb\":{\"@id\":\"https:\\\/\\\/eco.ch\\\/fr\\\/congres-nature-2023\\\/#breadcrumb\"},\"inLanguage\":\"fr-FR\",\"potentialAction\":[{\"@type\":\"ReadAction\",\"target\":[\"https:\\\/\\\/eco.ch\\\/fr\\\/congres-nature-2023\\\/\"]}]},{\"@type\":\"BreadcrumbList\",\"@id\":\"https:\\\/\\\/eco.ch\\\/fr\\\/congres-nature-2023\\\/#breadcrumb\",\"itemListElement\":[{\"@type\":\"ListItem\",\"position\":1,\"name\":\"Home\",\"item\":\"https:\\\/\\\/eco.ch\\\/fr\\\/\"},{\"@type\":\"ListItem\",\"position\":2,\"name\":\"Congr\u00e8s Nature 2023\"}]},{\"@type\":\"WebSite\",\"@id\":\"https:\\\/\\\/eco.ch\\\/#website\",\"url\":\"https:\\\/\\\/eco.ch\\\/\",\"name\":\"eco.ch\",\"description\":\"Forum f\u00fcr nachhaltige Entwicklung\",\"potentialAction\":[{\"@type\":\"SearchAction\",\"target\":{\"@type\":\"EntryPoint\",\"urlTemplate\":\"https:\\\/\\\/eco.ch\\\/?s={search_term_string}\"},\"query-input\":{\"@type\":\"PropertyValueSpecification\",\"valueRequired\":true,\"valueName\":\"search_term_string\"}}],\"inLanguage\":\"fr-FR\"}]}<\/script>\n<!-- \/ Yoast SEO plugin. -->","yoast_head_json":{"title":"Congr\u00e8s Nature 2023 - eco.ch","robots":{"index":"index","follow":"follow","max-snippet":"max-snippet:-1","max-image-preview":"max-image-preview:large","max-video-preview":"max-video-preview:-1"},"canonical":"https:\/\/eco.ch\/fr\/congres-nature-2023\/","og_locale":"fr_FR","og_type":"article","og_title":"R\u00e9servez vos billets maintenant !","og_description":"Les billets sont disponibles d\u00e8s maintenant en pr\u00e9vente.","og_url":"https:\/\/eco.ch\/fr\/congres-nature-2023\/","og_site_name":"eco.ch","article_publisher":"https:\/\/www.facebook.com\/eco.ch.forum","article_modified_time":"2024-01-10T15:48:46+00:00","og_image":[{"url":"https:\/\/eco.ch\/wp-content\/uploads\/2023\/05\/Titelbild_Bettmeralp_Mailkopf_2-1024x369.png","type":"","width":"","height":""}],"twitter_card":"summary_large_image","twitter_title":"R\u00e9servez vos billets maintenant !","twitter_description":"Les billets sont disponibles d\u00e8s maintenant en pr\u00e9vente.","twitter_image":"https:\/\/eco.ch\/wp-content\/uploads\/2023\/05\/Titelbild_Bettmeralp_2-1-1024x750.png","twitter_site":"@eco_ch_forum","twitter_misc":{"Dur\u00e9e de lecture estim\u00e9e":"3 minutes"},"schema":{"@context":"https:\/\/schema.org","@graph":[{"@type":"WebPage","@id":"https:\/\/eco.ch\/fr\/congres-nature-2023\/","url":"https:\/\/eco.ch\/fr\/congres-nature-2023\/","name":"Congr\u00e8s Nature 2023 - eco.ch","isPartOf":{"@id":"https:\/\/eco.ch\/#website"},"datePublished":"2023-03-22T11:27:42+00:00","dateModified":"2024-01-10T15:48:46+00:00","breadcrumb":{"@id":"https:\/\/eco.ch\/fr\/congres-nature-2023\/#breadcrumb"},"inLanguage":"fr-FR","potentialAction":[{"@type":"ReadAction","target":["https:\/\/eco.ch\/fr\/congres-nature-2023\/"]}]},{"@type":"BreadcrumbList","@id":"https:\/\/eco.ch\/fr\/congres-nature-2023\/#breadcrumb","itemListElement":[{"@type":"ListItem","position":1,"name":"Home","item":"https:\/\/eco.ch\/fr\/"},{"@type":"ListItem","position":2,"name":"Congr\u00e8s Nature 2023"}]},{"@type":"WebSite","@id":"https:\/\/eco.ch\/#website","url":"https:\/\/eco.ch\/","name":"eco.ch","description":"Forum f\u00fcr nachhaltige Entwicklung","potentialAction":[{"@type":"SearchAction","target":{"@type":"EntryPoint","urlTemplate":"https:\/\/eco.ch\/?s={search_term_string}"},"query-input":{"@type":"PropertyValueSpecification","valueRequired":true,"valueName":"search_term_string"}}],"inLanguage":"fr-FR"}]}},"_links":{"self":[{"href":"https:\/\/eco.ch\/fr\/wp-json\/wp\/v2\/pages\/19576","targetHints":{"allow":["GET"]}}],"collection":[{"href":"https:\/\/eco.ch\/fr\/wp-json\/wp\/v2\/pages"}],"about":[{"href":"https:\/\/eco.ch\/fr\/wp-json\/wp\/v2\/types\/page"}],"author":[{"embeddable":true,"href":"https:\/\/eco.ch\/fr\/wp-json\/wp\/v2\/users\/71"}],"replies":[{"embeddable":true,"href":"https:\/\/eco.ch\/fr\/wp-json\/wp\/v2\/comments?post=19576"}],"version-history":[{"count":65,"href":"https:\/\/eco.ch\/fr\/wp-json\/wp\/v2\/pages\/19576\/revisions"}],"predecessor-version":[{"id":22333,"href":"https:\/\/eco.ch\/fr\/wp-json\/wp\/v2\/pages\/19576\/revisions\/22333"}],"wp:attachment":[{"href":"https:\/\/eco.ch\/fr\/wp-json\/wp\/v2\/media?parent=19576"}],"curies":[{"name":"wp","href":"https:\/\/api.w.org\/{rel}","templated":true}]}}