{"id":19542,"date":"2023-03-22T10:24:09","date_gmt":"2023-03-22T08:24:09","guid":{"rendered":"https:\/\/eco.ch\/eco-ch\/"},"modified":"2024-01-10T16:00:50","modified_gmt":"2024-01-10T14:00:50","slug":"eco-ch","status":"publish","type":"page","link":"https:\/\/eco.ch\/fr\/eco-ch\/","title":{"rendered":"eco.ch"},"content":{"rendered":"<p>[et_pb_section fb_built=\u00a0\u00bb1&Prime; fullwidth=\u00a0\u00bbon\u00a0\u00bb admin_label=\u00a0\u00bbSektion\u00a0\u00bb _builder_version=\u00a0\u00bb4.21.0&Prime; _module_preset=\u00a0\u00bbdefault\u00a0\u00bb global_colors_info=\u00a0\u00bb{}\u00a0\u00bb][et_pb_fullwidth_slider use_bg_overlay=\u00a0\u00bboff\u00a0\u00bb use_text_overlay=\u00a0\u00bboff\u00a0\u00bb admin_label=\u00a0\u00bbVollbreiter Slider\u00a0\u00bb _builder_version=\u00a0\u00bb4.22.1&Prime; _module_preset=\u00a0\u00bbdefault\u00a0\u00bb text_orientation=\u00a0\u00bbleft\u00a0\u00bb max_height=\u00a0\u00bb500px\u00a0\u00bb custom_css_slide_description=\u00a0\u00bbpadding-top: 5% !important; ||padding-bottom: 20% !important;||text-shadow: none;\u00a0\u00bb global_colors_info=\u00a0\u00bb{}\u00a0\u00bb][et_pb_slide heading=\u00a0\u00bbCongr\u00e8s Nature 2023&Prime; button_text=\u00a0\u00bbPlus d&rsquo;informations\u00a0\u00bb button_link=\u00a0\u00bbhttps:\/\/eco.ch\/fr\/congres-nature-2023\/\u00a0\u00bb use_bg_overlay=\u00a0\u00bbon\u00a0\u00bb bg_overlay_color=\u00a0\u00bbrgba(85,98,112,0.45)\u00a0\u00bb use_text_overlay=\u00a0\u00bbon\u00a0\u00bb text_overlay_color_tablet=\u00a0\u00bb\u00a0\u00bb text_overlay_color_phone=\u00a0\u00bb\u00a0\u00bb text_overlay_color_last_edited=\u00a0\u00bbon|desktop\u00a0\u00bb _builder_version=\u00a0\u00bb4.22.1&Prime; _module_preset=\u00a0\u00bbdefault\u00a0\u00bb background_color=\u00a0\u00bb#FFFFFF\u00a0\u00bb background_enable_color=\u00a0\u00bbon\u00a0\u00bb background_image=\u00a0\u00bbhttps:\/\/eco.ch\/wp-content\/uploads\/2023\/09\/ECO-NK_2023_332.jpg\u00a0\u00bb background_enable_image=\u00a0\u00bbon\u00a0\u00bb background_position=\u00a0\u00bbtop_center\u00a0\u00bb custom_button=\u00a0\u00bbon\u00a0\u00bb button_on_hover=\u00a0\u00bbon\u00a0\u00bb link_option_url=\u00a0\u00bbhttps:\/\/eco.ch\/fr\/congres-nature-2023\/\u00a0\u00bb global_colors_info=\u00a0\u00bb{}\u00a0\u00bb sticky_transition=\u00a0\u00bbon\u00a0\u00bb]<\/p>\n<p><span><span class=\"ui-provider en bvp bls bvq bvr bvs bvt bvu bvv bvw bvx bvy bvz bwa bwb bwc bwd bwe bwf bwg bwh bwi bwj bwk bwl bwm bwn bwo bwp bwq bwr bws bwt bwu bwv\" dir=\"ltr\">Le 16e Congr\u00e8s Nature d&rsquo;eco.ch sur le th\u00e8me \u00abSyst\u00e8mes alimentaires durables pour plus de biodiversit\u00e9 \u2013 du champ \u00e0 l&rsquo;assiette\u00bb a eu lieu le 29 ao\u00fbt 2023 \u00e0 l&rsquo;Eventfabrik de Berne. Pr\u00e8s de 200 personnes ont assist\u00e9 au congr\u00e8s pour participer aux conf\u00e9rences, aux discussions et aux ateliers.<\/span><\/span><span><span class=\"ui-provider en bvp bls bvq bvr bvs bvt bvu bvv bvw bvx bvy bvz bwa bwb bwc bwd bwe bwf bwg bwh bwi bwj bwk bwl bwm bwn bwo bwp bwq bwr bws bwt bwu bwv\" dir=\"ltr\"><\/span><\/span><\/p>\n<p>[\/et_pb_slide][\/et_pb_fullwidth_slider][\/et_pb_section][et_pb_section fb_built=\u00a0\u00bb1&Prime; admin_label=\u00a0\u00bbSektion\u00a0\u00bb _builder_version=\u00a0\u00bb4.19.5&Prime; _module_preset=\u00a0\u00bbdefault\u00a0\u00bb global_colors_info=\u00a0\u00bb{}\u00a0\u00bb][et_pb_row _builder_version=\u00a0\u00bb4.20.2&Prime; _module_preset=\u00a0\u00bbdefault\u00a0\u00bb global_colors_info=\u00a0\u00bb{}\u00a0\u00bb][et_pb_column type=\u00a0\u00bb4_4&Prime; _builder_version=\u00a0\u00bb4.19.5&Prime; _module_preset=\u00a0\u00bbdefault\u00a0\u00bb global_colors_info=\u00a0\u00bb{}\u00a0\u00bb][et_pb_text _builder_version=\u00a0\u00bb4.19.5&Prime; _module_preset=\u00a0\u00bbdefault\u00a0\u00bb global_colors_info=\u00a0\u00bb{}\u00a0\u00bb]<\/p>\n<h2>eco.ch &#8211; Le forum suisse du d\u00e9veloppement durable<\/h2>\n<p>Nous mettons en r\u00e9seau start-ups et d\u00e9cideurs, hommes politiques et militants. Nous informons les int\u00e9ress\u00e9s et sensibilisons les novices. eco.ch formule des revendications et d\u00e9veloppe des solutions pour que l\u2019environnement, la soci\u00e9t\u00e9 et l\u2019\u00e9conomie soient tous trois pareillement pris en compte lors des prises de d\u00e9cisions.<\/p>\n<p>&nbsp;<\/p>\n<p>&nbsp;<\/p>\n<h4 style=\"text-align: center;\">\u00abL&rsquo;objectif de nos activit\u00e9s est la protection de la nature et de l&rsquo;environnement\u00bb<br \/>\ndes principes d&rsquo;eco.ch<\/h4>\n<p>[\/et_pb_text][\/et_pb_column][\/et_pb_row][\/et_pb_section][et_pb_section fb_built=\u00a0\u00bb1&Prime; _builder_version=\u00a0\u00bb4.19.5&Prime; _module_preset=\u00a0\u00bbdefault\u00a0\u00bb background_color=\u00a0\u00bb#d6d6d6&Prime; global_colors_info=\u00a0\u00bb{}\u00a0\u00bb][et_pb_row _builder_version=\u00a0\u00bb4.19.5&Prime; _module_preset=\u00a0\u00bbdefault\u00a0\u00bb global_colors_info=\u00a0\u00bb{}\u00a0\u00bb][et_pb_column type=\u00a0\u00bb4_4&Prime; _builder_version=\u00a0\u00bb4.19.5&Prime; _module_preset=\u00a0\u00bbdefault\u00a0\u00bb global_colors_info=\u00a0\u00bb{}\u00a0\u00bb][et_pb_text _builder_version=\u00a0\u00bb4.19.5&Prime; _module_preset=\u00a0\u00bbdefault\u00a0\u00bb global_colors_info=\u00a0\u00bb{}\u00a0\u00bb]<\/p>\n<h3>Congr\u00e8s Nature 2023: Syst\u00e8mes alimentaires durables pour plus de biodiversit\u00e9 &#8211; du champ \u00e0 l&rsquo;assiette<\/h3>\n<p>Comment surmonter les tensions entre biodiversit\u00e9 et production alimentaire et mener des discussions intersectorielles et constructives? Comment r\u00e9ussir \u00e0 transformer vers des syst\u00e8mes alimentaires qui pr\u00e9servent et favorisent la biodiversit\u00e9 en collaboration avec toutes les parties prenantes? C&rsquo;est sur ces questions que s&rsquo;est pench\u00e9 le Congr\u00e8s Nature d&rsquo;eco.ch, qui s&rsquo;est tenu le 29 ao\u00fbt 2023 \u00e0 l&rsquo;Eventfabrik de Berne.<\/p>\n<p>[\/et_pb_text][\/et_pb_column][\/et_pb_row][et_pb_row _builder_version=\u00a0\u00bb4.23.4&Prime; _module_preset=\u00a0\u00bbdefault\u00a0\u00bb global_colors_info=\u00a0\u00bb{}\u00a0\u00bb][et_pb_column type=\u00a0\u00bb4_4&Prime; _builder_version=\u00a0\u00bb4.23.4&Prime; _module_preset=\u00a0\u00bbdefault\u00a0\u00bb global_colors_info=\u00a0\u00bb{}\u00a0\u00bb][et_pb_button button_text=\u00a0\u00bbR\u00e9sultats du Congr\u00e8s Nature 2023&Prime; _builder_version=\u00a0\u00bb4.23.4&Prime; _module_preset=\u00a0\u00bbdefault\u00a0\u00bb custom_button=\u00a0\u00bbon\u00a0\u00bb button_text_color=\u00a0\u00bb#556270&Prime; hover_enabled=\u00a0\u00bb0&Prime; global_colors_info=\u00a0\u00bb{}\u00a0\u00bb url_new_window=\u00a0\u00bbon\u00a0\u00bb button_url=\u00a0\u00bbhttps:\/\/eco.ch\/wp-content\/uploads\/2024\/01\/Rapport-de-resultats-2023.pdf\u00a0\u00bb sticky_enabled=\u00a0\u00bb0&Prime;][\/et_pb_button][\/et_pb_column][\/et_pb_row][\/et_pb_section][et_pb_section fb_built=\u00a0\u00bb1&Prime; _builder_version=\u00a0\u00bb4.19.5&Prime; _module_preset=\u00a0\u00bbdefault\u00a0\u00bb global_colors_info=\u00a0\u00bb{}\u00a0\u00bb][et_pb_row _builder_version=\u00a0\u00bb4.20.2&Prime; _module_preset=\u00a0\u00bbdefault\u00a0\u00bb global_colors_info=\u00a0\u00bb{}\u00a0\u00bb][et_pb_column type=\u00a0\u00bb4_4&Prime; _builder_version=\u00a0\u00bb4.19.5&Prime; _module_preset=\u00a0\u00bbdefault\u00a0\u00bb global_colors_info=\u00a0\u00bb{}\u00a0\u00bb][et_pb_text _builder_version=\u00a0\u00bb4.19.5&Prime; _module_preset=\u00a0\u00bbdefault\u00a0\u00bb global_colors_info=\u00a0\u00bb{}\u00a0\u00bb]<\/p>\n<h3>Organe Fa\u00eetier<\/h3>\n<p>[\/et_pb_text][\/et_pb_column][\/et_pb_row][et_pb_row _builder_version=\u00a0\u00bb4.19.5&Prime; _module_preset=\u00a0\u00bbdefault\u00a0\u00bb global_colors_info=\u00a0\u00bb{}\u00a0\u00bb][et_pb_column type=\u00a0\u00bb4_4&Prime; _builder_version=\u00a0\u00bb4.19.5&Prime; _module_preset=\u00a0\u00bbdefault\u00a0\u00bb global_colors_info=\u00a0\u00bb{}\u00a0\u00bb][et_pb_image src=\u00a0\u00bbhttps:\/\/eco.ch\/wp-content\/uploads\/2023\/11\/Logoleiste_Mitgliedschaft_transparent_NEU-2.png\u00a0\u00bb title_text=\u00a0\u00bbLogoleiste_Mitgliedschaft_transparent_NEU\u00a0\u00bb _builder_version=\u00a0\u00bb4.23.1&Prime; _module_preset=\u00a0\u00bbdefault\u00a0\u00bb global_colors_info=\u00a0\u00bb{}\u00a0\u00bb][\/et_pb_image][\/et_pb_column][\/et_pb_row][\/et_pb_section]<\/p>\n","protected":false},"excerpt":{"rendered":"<p>Le 16e Congr\u00e8s Nature d&rsquo;eco.ch sur le th\u00e8me \u00abSyst\u00e8mes alimentaires durables pour plus de biodiversit\u00e9 \u2013 du champ \u00e0 l&rsquo;assiette\u00bb a eu lieu le 29 ao\u00fbt 2023 \u00e0 l&rsquo;Eventfabrik de Berne. Pr\u00e8s de 200 personnes ont assist\u00e9 au congr\u00e8s pour participer aux conf\u00e9rences, aux discussions et aux ateliers.eco.ch &#8211; Le forum suisse du d\u00e9veloppement durable [&hellip;]<\/p>\n","protected":false},"author":71,"featured_media":0,"parent":0,"menu_order":0,"comment_status":"closed","ping_status":"closed","template":"","meta":{"_et_pb_use_builder":"on","_et_pb_old_content":"","_et_gb_content_width":"","inline_featured_image":false,"footnotes":""},"class_list":["post-19542","page","type-page","status-publish","hentry"],"yoast_head":"<!-- This site is optimized with the Yoast SEO plugin v27.4 - https:\/\/yoast.com\/product\/yoast-seo-wordpress\/ -->\n<title>eco.ch - Le forum suisse du d\u00e9veloppement durable<\/title>\n<meta name=\"description\" content=\"eco.ch formule des revendications et d\u00e9veloppe des solutions pour que l\u2019environnement, la soci\u00e9t\u00e9 et l\u2019\u00e9conomie soient tous trois pareillement pris en compte lors des prises de d\u00e9cisions.\" \/>\n<meta name=\"robots\" content=\"index, follow, max-snippet:-1, max-image-preview:large, max-video-preview:-1\" \/>\n<link rel=\"canonical\" href=\"https:\/\/eco.ch\/fr\/\" \/>\n<meta property=\"og:locale\" content=\"fr_FR\" \/>\n<meta property=\"og:type\" content=\"article\" \/>\n<meta property=\"og:title\" content=\"R\u00e9servez vos billets maintenant !\" \/>\n<meta property=\"og:description\" content=\"Les billets pour le Congr\u00e8s Nature 2023 sont disponibles d\u00e8s maintenant en pr\u00e9vente.\" \/>\n<meta property=\"og:url\" content=\"https:\/\/eco.ch\/fr\/\" \/>\n<meta property=\"og:site_name\" content=\"eco.ch\" \/>\n<meta property=\"article:publisher\" content=\"https:\/\/www.facebook.com\/eco.ch.forum\" \/>\n<meta property=\"article:modified_time\" content=\"2024-01-10T14:00:50+00:00\" \/>\n<meta property=\"og:image\" content=\"https:\/\/eco.ch\/wp-content\/uploads\/2023\/05\/Titelbild_Bettmeralp_Mailkopf_2-1024x369.png\" \/>\n<meta name=\"twitter:card\" content=\"summary_large_image\" \/>\n<meta name=\"twitter:title\" content=\"R\u00e9servez vos billets maintenant !\" \/>\n<meta name=\"twitter:description\" content=\"Les billets pour le Congr\u00e8s Nature 2023 sont disponibles d\u00e8s maintenant en pr\u00e9vente.\" \/>\n<meta name=\"twitter:image\" content=\"https:\/\/eco.ch\/wp-content\/uploads\/2023\/05\/Titelbild_Bettmeralp_2-1-1024x750.png\" \/>\n<meta name=\"twitter:site\" content=\"@eco_ch_forum\" \/>\n<meta name=\"twitter:label1\" content=\"Dur\u00e9e de lecture estim\u00e9e\" \/>\n\t<meta name=\"twitter:data1\" content=\"3 minutes\" \/>\n<script type=\"application\/ld+json\" class=\"yoast-schema-graph\">{\"@context\":\"https:\\\/\\\/schema.org\",\"@graph\":[{\"@type\":\"WebPage\",\"@id\":\"https:\\\/\\\/eco.ch\\\/fr\\\/\",\"url\":\"https:\\\/\\\/eco.ch\\\/fr\\\/\",\"name\":\"eco.ch - Le forum suisse du d\u00e9veloppement durable\",\"isPartOf\":{\"@id\":\"https:\\\/\\\/eco.ch\\\/#website\"},\"datePublished\":\"2023-03-22T08:24:09+00:00\",\"dateModified\":\"2024-01-10T14:00:50+00:00\",\"description\":\"eco.ch formule des revendications et d\u00e9veloppe des solutions pour que l\u2019environnement, la soci\u00e9t\u00e9 et l\u2019\u00e9conomie soient tous trois pareillement pris en compte lors des prises de d\u00e9cisions.\",\"breadcrumb\":{\"@id\":\"https:\\\/\\\/eco.ch\\\/fr\\\/#breadcrumb\"},\"inLanguage\":\"fr-FR\",\"potentialAction\":[{\"@type\":\"ReadAction\",\"target\":[\"https:\\\/\\\/eco.ch\\\/fr\\\/\"]}]},{\"@type\":\"BreadcrumbList\",\"@id\":\"https:\\\/\\\/eco.ch\\\/fr\\\/#breadcrumb\",\"itemListElement\":[{\"@type\":\"ListItem\",\"position\":1,\"name\":\"Home\",\"item\":\"https:\\\/\\\/eco.ch\\\/fr\\\/\"},{\"@type\":\"ListItem\",\"position\":2,\"name\":\"eco.ch\"}]},{\"@type\":\"WebSite\",\"@id\":\"https:\\\/\\\/eco.ch\\\/#website\",\"url\":\"https:\\\/\\\/eco.ch\\\/\",\"name\":\"eco.ch\",\"description\":\"Forum f\u00fcr nachhaltige Entwicklung\",\"potentialAction\":[{\"@type\":\"SearchAction\",\"target\":{\"@type\":\"EntryPoint\",\"urlTemplate\":\"https:\\\/\\\/eco.ch\\\/?s={search_term_string}\"},\"query-input\":{\"@type\":\"PropertyValueSpecification\",\"valueRequired\":true,\"valueName\":\"search_term_string\"}}],\"inLanguage\":\"fr-FR\"}]}<\/script>\n<!-- \/ Yoast SEO plugin. -->","yoast_head_json":{"title":"eco.ch - Le forum suisse du d\u00e9veloppement durable","description":"eco.ch formule des revendications et d\u00e9veloppe des solutions pour que l\u2019environnement, la soci\u00e9t\u00e9 et l\u2019\u00e9conomie soient tous trois pareillement pris en compte lors des prises de d\u00e9cisions.","robots":{"index":"index","follow":"follow","max-snippet":"max-snippet:-1","max-image-preview":"max-image-preview:large","max-video-preview":"max-video-preview:-1"},"canonical":"https:\/\/eco.ch\/fr\/","og_locale":"fr_FR","og_type":"article","og_title":"R\u00e9servez vos billets maintenant !","og_description":"Les billets pour le Congr\u00e8s Nature 2023 sont disponibles d\u00e8s maintenant en pr\u00e9vente.","og_url":"https:\/\/eco.ch\/fr\/","og_site_name":"eco.ch","article_publisher":"https:\/\/www.facebook.com\/eco.ch.forum","article_modified_time":"2024-01-10T14:00:50+00:00","og_image":[{"url":"https:\/\/eco.ch\/wp-content\/uploads\/2023\/05\/Titelbild_Bettmeralp_Mailkopf_2-1024x369.png","type":"","width":"","height":""}],"twitter_card":"summary_large_image","twitter_title":"R\u00e9servez vos billets maintenant !","twitter_description":"Les billets pour le Congr\u00e8s Nature 2023 sont disponibles d\u00e8s maintenant en pr\u00e9vente.","twitter_image":"https:\/\/eco.ch\/wp-content\/uploads\/2023\/05\/Titelbild_Bettmeralp_2-1-1024x750.png","twitter_site":"@eco_ch_forum","twitter_misc":{"Dur\u00e9e de lecture estim\u00e9e":"3 minutes"},"schema":{"@context":"https:\/\/schema.org","@graph":[{"@type":"WebPage","@id":"https:\/\/eco.ch\/fr\/","url":"https:\/\/eco.ch\/fr\/","name":"eco.ch - Le forum suisse du d\u00e9veloppement durable","isPartOf":{"@id":"https:\/\/eco.ch\/#website"},"datePublished":"2023-03-22T08:24:09+00:00","dateModified":"2024-01-10T14:00:50+00:00","description":"eco.ch formule des revendications et d\u00e9veloppe des solutions pour que l\u2019environnement, la soci\u00e9t\u00e9 et l\u2019\u00e9conomie soient tous trois pareillement pris en compte lors des prises de d\u00e9cisions.","breadcrumb":{"@id":"https:\/\/eco.ch\/fr\/#breadcrumb"},"inLanguage":"fr-FR","potentialAction":[{"@type":"ReadAction","target":["https:\/\/eco.ch\/fr\/"]}]},{"@type":"BreadcrumbList","@id":"https:\/\/eco.ch\/fr\/#breadcrumb","itemListElement":[{"@type":"ListItem","position":1,"name":"Home","item":"https:\/\/eco.ch\/fr\/"},{"@type":"ListItem","position":2,"name":"eco.ch"}]},{"@type":"WebSite","@id":"https:\/\/eco.ch\/#website","url":"https:\/\/eco.ch\/","name":"eco.ch","description":"Forum f\u00fcr nachhaltige Entwicklung","potentialAction":[{"@type":"SearchAction","target":{"@type":"EntryPoint","urlTemplate":"https:\/\/eco.ch\/?s={search_term_string}"},"query-input":{"@type":"PropertyValueSpecification","valueRequired":true,"valueName":"search_term_string"}}],"inLanguage":"fr-FR"}]}},"_links":{"self":[{"href":"https:\/\/eco.ch\/fr\/wp-json\/wp\/v2\/pages\/19542","targetHints":{"allow":["GET"]}}],"collection":[{"href":"https:\/\/eco.ch\/fr\/wp-json\/wp\/v2\/pages"}],"about":[{"href":"https:\/\/eco.ch\/fr\/wp-json\/wp\/v2\/types\/page"}],"author":[{"embeddable":true,"href":"https:\/\/eco.ch\/fr\/wp-json\/wp\/v2\/users\/71"}],"replies":[{"embeddable":true,"href":"https:\/\/eco.ch\/fr\/wp-json\/wp\/v2\/comments?post=19542"}],"version-history":[{"count":43,"href":"https:\/\/eco.ch\/fr\/wp-json\/wp\/v2\/pages\/19542\/revisions"}],"predecessor-version":[{"id":22327,"href":"https:\/\/eco.ch\/fr\/wp-json\/wp\/v2\/pages\/19542\/revisions\/22327"}],"wp:attachment":[{"href":"https:\/\/eco.ch\/fr\/wp-json\/wp\/v2\/media?parent=19542"}],"curies":[{"name":"wp","href":"https:\/\/api.w.org\/{rel}","templated":true}]}}