{"id":19506,"date":"2023-03-21T12:39:00","date_gmt":"2023-03-21T10:39:00","guid":{"rendered":"https:\/\/eco.ch\/principes\/"},"modified":"2023-05-25T11:46:18","modified_gmt":"2023-05-25T09:46:18","slug":"principes","status":"publish","type":"page","link":"https:\/\/eco.ch\/fr\/principes\/","title":{"rendered":"Principes"},"content":{"rendered":"<p>[et_pb_section fb_built=\u00a0\u00bb1&Prime; _builder_version=\u00a0\u00bb4.19.5&Prime; _module_preset=\u00a0\u00bbdefault\u00a0\u00bb global_colors_info=\u00a0\u00bb{}\u00a0\u00bb][et_pb_row _builder_version=\u00a0\u00bb4.19.5&Prime; _module_preset=\u00a0\u00bbdefault\u00a0\u00bb global_colors_info=\u00a0\u00bb{}\u00a0\u00bb][et_pb_column type=\u00a0\u00bb4_4&Prime; _builder_version=\u00a0\u00bb4.19.5&Prime; _module_preset=\u00a0\u00bbdefault\u00a0\u00bb global_colors_info=\u00a0\u00bb{}\u00a0\u00bb][et_pb_text _builder_version=\u00a0\u00bb4.19.5&Prime; _module_preset=\u00a0\u00bbdefault\u00a0\u00bb hover_enabled=\u00a0\u00bb0&Prime; sticky_enabled=\u00a0\u00bb0&Prime;]<\/p>\n<h2>Nos principes<\/h2>\n<p>[\/et_pb_text][\/et_pb_column][\/et_pb_row][et_pb_row column_structure=\u00a0\u00bb1_2,1_2&Prime; _builder_version=\u00a0\u00bb4.19.5&Prime; _module_preset=\u00a0\u00bbdefault\u00a0\u00bb global_colors_info=\u00a0\u00bb{}\u00a0\u00bb][et_pb_column type=\u00a0\u00bb1_2&Prime; _builder_version=\u00a0\u00bb4.19.5&Prime; _module_preset=\u00a0\u00bbdefault\u00a0\u00bb global_colors_info=\u00a0\u00bb{}\u00a0\u00bb][et_pb_text _builder_version=\u00a0\u00bb4.19.5&Prime; _module_preset=\u00a0\u00bbdefault\u00a0\u00bb global_colors_info=\u00a0\u00bb{}\u00a0\u00bb]<\/p>\n<p><strong>1.<\/strong> En tant que membre d\u2019eco.ch, nous sommes convaincus que l\u2019exploitation des ressources naturelles doit rapidement devenir plus durable. Avec eco.ch, nous nous engageons pour faire acc\u00e9l\u00e9rer ensemble la n\u00e9cessaire transition.<\/p>\n<p><strong>2.<\/strong> eco.ch est un r\u00e9seau suisse qui est port\u00e9 depuis 2005 par beaucoup d\u2019organisations sp\u00e9cialis\u00e9es et \u00e0 but non lucratif. \u00c0 travers l\u2019\u00e9change avec les organisations membres et partenaires, nos th\u00e8mes principaux sont plac\u00e9s dans un contexte plus large et rendus accessibles \u00e0 un large public.<\/p>\n<p><strong>3.<\/strong> Le but de nos activit\u00e9s est la protection de la nature et de l\u2019environnement. Pour atteindre cet objectif, nous montrons que la protection des ressources qui s\u2019\u00e9puisent est indispensable \u00e0 un monde viable et que cela concerne l\u2019ensemble de l\u2019\u00e9conomie et de la soci\u00e9t\u00e9.<\/p>\n<p>[\/et_pb_text][\/et_pb_column][et_pb_column type=\u00a0\u00bb1_2&Prime; _builder_version=\u00a0\u00bb4.19.5&Prime; _module_preset=\u00a0\u00bbdefault\u00a0\u00bb global_colors_info=\u00a0\u00bb{}\u00a0\u00bb][et_pb_text _builder_version=\u00a0\u00bb4.19.5&Prime; _module_preset=\u00a0\u00bbdefault\u00a0\u00bb global_colors_info=\u00a0\u00bb{}\u00a0\u00bb]<\/p>\n<p><strong>4.<\/strong> Pour nos activit\u00e9s, nous nous basons sur des donn\u00e9es scientifiques et sur la longue exp\u00e9rience des organisations membres.<\/p>\n<p><strong>5.<\/strong> Nous portons \u00e0 la connaissance du public des id\u00e9es nouvelles et des sujets urgents. Nous les transmettons de fa\u00e7on \u00e0 ce que des personnes d\u00e9cisionnaires ainsi que le grand public puissent comprendre et agir.<\/p>\n<p><strong>6.<\/strong> En tant que r\u00e9seau large et ind\u00e9pendant, nous avons une vaste compr\u00e9hension du d\u00e9veloppement durable, prenant \u00e9galement en compte les exigences \u00e9cologiques. Ceci nous rend cr\u00e9dible aupr\u00e8s des acteurs des mondes de l\u2019\u00e9conomie, de la politique et de l\u2019administration, pour formuler des objectifs et mettre en pratique des actions dans le domaine du d\u00e9veloppement durable. Les \u201eobjectifs de d\u00e9veloppement durable\u201c (ODD) des nations unis nous servent de guide dans cette mission.<\/p>\n<p>[\/et_pb_text][\/et_pb_column][\/et_pb_row][et_pb_row _builder_version=\u00a0\u00bb4.19.5&Prime; _module_preset=\u00a0\u00bbdefault\u00a0\u00bb][et_pb_column _builder_version=\u00a0\u00bb4.19.5&Prime; _module_preset=\u00a0\u00bbdefault\u00a0\u00bb type=\u00a0\u00bb4_4&Prime;][et_pb_text _builder_version=\u00a0\u00bb4.19.5&Prime; _module_preset=\u00a0\u00bbdefault\u00a0\u00bb hover_enabled=\u00a0\u00bb0&Prime; global_colors_info=\u00a0\u00bb{}\u00a0\u00bb sticky_enabled=\u00a0\u00bb0&Prime;]<\/p>\n<h3 id=\"cmsms_heading_63ea499dbe028\" class=\"cmsms_heading\" style=\"text-align: center;\">\u00abEnsemble, nous nous engageons pour la transition n\u00e9cessaire vers une exploitation soutenable des ressources naturelles\u00bb<\/h3>\n<p>[\/et_pb_text][\/et_pb_column][\/et_pb_row][\/et_pb_section]<\/p>\n","protected":false},"excerpt":{"rendered":"<p>Nos principes1. En tant que membre d\u2019eco.ch, nous sommes convaincus que l\u2019exploitation des ressources naturelles doit rapidement devenir plus durable. Avec eco.ch, nous nous engageons pour faire acc\u00e9l\u00e9rer ensemble la n\u00e9cessaire transition. 2. eco.ch est un r\u00e9seau suisse qui est port\u00e9 depuis 2005 par beaucoup d\u2019organisations sp\u00e9cialis\u00e9es et \u00e0 but non lucratif. \u00c0 travers l\u2019\u00e9change [&hellip;]<\/p>\n","protected":false},"author":71,"featured_media":0,"parent":0,"menu_order":0,"comment_status":"closed","ping_status":"closed","template":"","meta":{"_et_pb_use_builder":"on","_et_pb_old_content":"","_et_gb_content_width":"","inline_featured_image":false,"footnotes":""},"class_list":["post-19506","page","type-page","status-publish","hentry"],"yoast_head":"<!-- This site is optimized with the Yoast SEO plugin v27.4 - https:\/\/yoast.com\/product\/yoast-seo-wordpress\/ -->\n<title>Principes - eco.ch<\/title>\n<meta name=\"robots\" content=\"index, follow, max-snippet:-1, max-image-preview:large, max-video-preview:-1\" \/>\n<link rel=\"canonical\" href=\"https:\/\/eco.ch\/fr\/principes\/\" \/>\n<meta property=\"og:locale\" content=\"fr_FR\" \/>\n<meta property=\"og:type\" content=\"article\" \/>\n<meta property=\"og:title\" content=\"Principes\" \/>\n<meta property=\"og:description\" content=\"Nos principes1. En tant que membre d\u2019eco.ch, nous sommes convaincus que l\u2019exploitation des ressources naturelles doit rapidement devenir plus durable. Avec eco.ch, nous nous engageons pour faire acc\u00e9l\u00e9rer ensemble la n\u00e9cessaire transition. 2. eco.ch est un r\u00e9seau suisse qui est port\u00e9 depuis 2005 par beaucoup d\u2019organisations sp\u00e9cialis\u00e9es et \u00e0 but non lucratif. \u00c0 travers l\u2019\u00e9change [&hellip;]\" \/>\n<meta property=\"og:url\" content=\"https:\/\/eco.ch\/fr\/principes\/\" \/>\n<meta property=\"og:site_name\" content=\"eco.ch\" \/>\n<meta property=\"article:publisher\" content=\"https:\/\/www.facebook.com\/eco.ch.forum\" \/>\n<meta property=\"article:modified_time\" content=\"2023-05-25T09:46:18+00:00\" \/>\n<meta property=\"og:image\" content=\"https:\/\/eco.ch\/wp-content\/uploads\/2023\/05\/Header-Newsletter_1-1-1024x369.png\" \/>\n<meta name=\"twitter:card\" content=\"summary_large_image\" \/>\n<meta name=\"twitter:title\" content=\"Principes\" \/>\n<meta name=\"twitter:image\" content=\"https:\/\/eco.ch\/wp-content\/uploads\/2023\/05\/Header-Newsletter_1-1-1024x369.png\" \/>\n<meta name=\"twitter:site\" content=\"@eco_ch_forum\" \/>\n<meta name=\"twitter:label1\" content=\"Dur\u00e9e de lecture estim\u00e9e\" \/>\n\t<meta name=\"twitter:data1\" content=\"2 minutes\" \/>\n<script type=\"application\/ld+json\" class=\"yoast-schema-graph\">{\"@context\":\"https:\\\/\\\/schema.org\",\"@graph\":[{\"@type\":\"WebPage\",\"@id\":\"https:\\\/\\\/eco.ch\\\/fr\\\/principes\\\/\",\"url\":\"https:\\\/\\\/eco.ch\\\/fr\\\/principes\\\/\",\"name\":\"Principes - eco.ch\",\"isPartOf\":{\"@id\":\"https:\\\/\\\/eco.ch\\\/#website\"},\"datePublished\":\"2023-03-21T10:39:00+00:00\",\"dateModified\":\"2023-05-25T09:46:18+00:00\",\"breadcrumb\":{\"@id\":\"https:\\\/\\\/eco.ch\\\/fr\\\/principes\\\/#breadcrumb\"},\"inLanguage\":\"fr-FR\",\"potentialAction\":[{\"@type\":\"ReadAction\",\"target\":[\"https:\\\/\\\/eco.ch\\\/fr\\\/principes\\\/\"]}]},{\"@type\":\"BreadcrumbList\",\"@id\":\"https:\\\/\\\/eco.ch\\\/fr\\\/principes\\\/#breadcrumb\",\"itemListElement\":[{\"@type\":\"ListItem\",\"position\":1,\"name\":\"Home\",\"item\":\"https:\\\/\\\/eco.ch\\\/fr\\\/\"},{\"@type\":\"ListItem\",\"position\":2,\"name\":\"Principes\"}]},{\"@type\":\"WebSite\",\"@id\":\"https:\\\/\\\/eco.ch\\\/#website\",\"url\":\"https:\\\/\\\/eco.ch\\\/\",\"name\":\"eco.ch\",\"description\":\"Forum f\u00fcr nachhaltige Entwicklung\",\"potentialAction\":[{\"@type\":\"SearchAction\",\"target\":{\"@type\":\"EntryPoint\",\"urlTemplate\":\"https:\\\/\\\/eco.ch\\\/?s={search_term_string}\"},\"query-input\":{\"@type\":\"PropertyValueSpecification\",\"valueRequired\":true,\"valueName\":\"search_term_string\"}}],\"inLanguage\":\"fr-FR\"}]}<\/script>\n<!-- \/ Yoast SEO plugin. -->","yoast_head_json":{"title":"Principes - eco.ch","robots":{"index":"index","follow":"follow","max-snippet":"max-snippet:-1","max-image-preview":"max-image-preview:large","max-video-preview":"max-video-preview:-1"},"canonical":"https:\/\/eco.ch\/fr\/principes\/","og_locale":"fr_FR","og_type":"article","og_title":"Principes","og_description":"Nos principes1. En tant que membre d\u2019eco.ch, nous sommes convaincus que l\u2019exploitation des ressources naturelles doit rapidement devenir plus durable. Avec eco.ch, nous nous engageons pour faire acc\u00e9l\u00e9rer ensemble la n\u00e9cessaire transition. 2. eco.ch est un r\u00e9seau suisse qui est port\u00e9 depuis 2005 par beaucoup d\u2019organisations sp\u00e9cialis\u00e9es et \u00e0 but non lucratif. \u00c0 travers l\u2019\u00e9change [&hellip;]","og_url":"https:\/\/eco.ch\/fr\/principes\/","og_site_name":"eco.ch","article_publisher":"https:\/\/www.facebook.com\/eco.ch.forum","article_modified_time":"2023-05-25T09:46:18+00:00","og_image":[{"url":"https:\/\/eco.ch\/wp-content\/uploads\/2023\/05\/Header-Newsletter_1-1-1024x369.png","type":"","width":"","height":""}],"twitter_card":"summary_large_image","twitter_title":"Principes","twitter_image":"https:\/\/eco.ch\/wp-content\/uploads\/2023\/05\/Header-Newsletter_1-1-1024x369.png","twitter_site":"@eco_ch_forum","twitter_misc":{"Dur\u00e9e de lecture estim\u00e9e":"2 minutes"},"schema":{"@context":"https:\/\/schema.org","@graph":[{"@type":"WebPage","@id":"https:\/\/eco.ch\/fr\/principes\/","url":"https:\/\/eco.ch\/fr\/principes\/","name":"Principes - eco.ch","isPartOf":{"@id":"https:\/\/eco.ch\/#website"},"datePublished":"2023-03-21T10:39:00+00:00","dateModified":"2023-05-25T09:46:18+00:00","breadcrumb":{"@id":"https:\/\/eco.ch\/fr\/principes\/#breadcrumb"},"inLanguage":"fr-FR","potentialAction":[{"@type":"ReadAction","target":["https:\/\/eco.ch\/fr\/principes\/"]}]},{"@type":"BreadcrumbList","@id":"https:\/\/eco.ch\/fr\/principes\/#breadcrumb","itemListElement":[{"@type":"ListItem","position":1,"name":"Home","item":"https:\/\/eco.ch\/fr\/"},{"@type":"ListItem","position":2,"name":"Principes"}]},{"@type":"WebSite","@id":"https:\/\/eco.ch\/#website","url":"https:\/\/eco.ch\/","name":"eco.ch","description":"Forum f\u00fcr nachhaltige Entwicklung","potentialAction":[{"@type":"SearchAction","target":{"@type":"EntryPoint","urlTemplate":"https:\/\/eco.ch\/?s={search_term_string}"},"query-input":{"@type":"PropertyValueSpecification","valueRequired":true,"valueName":"search_term_string"}}],"inLanguage":"fr-FR"}]}},"_links":{"self":[{"href":"https:\/\/eco.ch\/fr\/wp-json\/wp\/v2\/pages\/19506","targetHints":{"allow":["GET"]}}],"collection":[{"href":"https:\/\/eco.ch\/fr\/wp-json\/wp\/v2\/pages"}],"about":[{"href":"https:\/\/eco.ch\/fr\/wp-json\/wp\/v2\/types\/page"}],"author":[{"embeddable":true,"href":"https:\/\/eco.ch\/fr\/wp-json\/wp\/v2\/users\/71"}],"replies":[{"embeddable":true,"href":"https:\/\/eco.ch\/fr\/wp-json\/wp\/v2\/comments?post=19506"}],"version-history":[{"count":12,"href":"https:\/\/eco.ch\/fr\/wp-json\/wp\/v2\/pages\/19506\/revisions"}],"predecessor-version":[{"id":20299,"href":"https:\/\/eco.ch\/fr\/wp-json\/wp\/v2\/pages\/19506\/revisions\/20299"}],"wp:attachment":[{"href":"https:\/\/eco.ch\/fr\/wp-json\/wp\/v2\/media?parent=19506"}],"curies":[{"name":"wp","href":"https:\/\/api.w.org\/{rel}","templated":true}]}}