{"id":19501,"date":"2023-03-21T12:28:50","date_gmt":"2023-03-21T10:28:50","guid":{"rendered":"https:\/\/eco.ch\/organe-faitier\/"},"modified":"2023-11-24T17:33:06","modified_gmt":"2023-11-24T15:33:06","slug":"organe-faitier","status":"publish","type":"page","link":"https:\/\/eco.ch\/fr\/organe-faitier\/","title":{"rendered":"Organe Fa\u00eetier"},"content":{"rendered":"<p>[et_pb_section fb_built=\u00a0\u00bb1&Prime; _builder_version=\u00a0\u00bb4.19.5&Prime; _module_preset=\u00a0\u00bbdefault\u00a0\u00bb global_colors_info=\u00a0\u00bb{}\u00a0\u00bb][et_pb_row column_structure=\u00a0\u00bb2_3,1_3&Prime; _builder_version=\u00a0\u00bb4.19.5&Prime; _module_preset=\u00a0\u00bbdefault\u00a0\u00bb global_colors_info=\u00a0\u00bb{}\u00a0\u00bb][et_pb_column type=\u00a0\u00bb2_3&Prime; _builder_version=\u00a0\u00bb4.19.5&Prime; _module_preset=\u00a0\u00bbdefault\u00a0\u00bb global_colors_info=\u00a0\u00bb{}\u00a0\u00bb][et_pb_text _builder_version=\u00a0\u00bb4.19.5&Prime; _module_preset=\u00a0\u00bbdefault\u00a0\u00bb global_colors_info=\u00a0\u00bb{}\u00a0\u00bb]<\/p>\n<h2>eco.ch \u2013 une organisation en r\u00e9seau<\/h2>\n<p>L\u2019association eco.ch a \u00e9t\u00e9 fond\u00e9e en 2005. Tr\u00e8s active, elle fait avancer la mise en \u0153uvre du d\u00e9veloppement durable en Suisse. L\u2019association est actuellement constitu\u00e9e de 15 membres, qui sont autant d\u2019organisations, d\u2019offices f\u00e9d\u00e9raux, d\u2019associations ou d\u2019autorit\u00e9s publiques moteurs dans ce domaine.<\/p>\n<p>La pr\u00e9sidente de l\u2019organe responsable est Gabriela Suter (conseill\u00e8re nationale). Les autres membres du comit\u00e9 sont B\u00e9la Bartha (ProSpecieRara) et Manuel Fischer (eawag).<\/p>\n<p>[\/et_pb_text][\/et_pb_column][et_pb_column type=\u00a0\u00bb1_3&Prime; _builder_version=\u00a0\u00bb4.19.5&Prime; _module_preset=\u00a0\u00bbdefault\u00a0\u00bb global_colors_info=\u00a0\u00bb{}\u00a0\u00bb][et_pb_image src=\u00a0\u00bbhttps:\/\/eco.ch\/wp-content\/uploads\/2023\/02\/gabriela-suter-quadrat.jpg\u00a0\u00bb title_text=\u00a0\u00bbgabriela-suter-quadrat\u00a0\u00bb _builder_version=\u00a0\u00bb4.19.5&Prime; _module_preset=\u00a0\u00bbdefault\u00a0\u00bb global_colors_info=\u00a0\u00bb{}\u00a0\u00bb][\/et_pb_image][et_pb_text _builder_version=\u00a0\u00bb4.19.5&Prime; _module_preset=\u00a0\u00bbdefault\u00a0\u00bb global_colors_info=\u00a0\u00bb{}\u00a0\u00bb]<\/p>\n<h4 id=\"cmsms_heading_63ea481149f0b\" class=\"cmsms_heading\">Gabriela Suter, Pr\u00e9sidente d\u2019eco.ch<\/h4>\n<p>[\/et_pb_text][\/et_pb_column][\/et_pb_row][\/et_pb_section][et_pb_section fb_built=\u00a0\u00bb1&Prime; _builder_version=\u00a0\u00bb4.19.5&Prime; _module_preset=\u00a0\u00bbdefault\u00a0\u00bb global_colors_info=\u00a0\u00bb{}\u00a0\u00bb][et_pb_row _builder_version=\u00a0\u00bb4.19.5&Prime; _module_preset=\u00a0\u00bbdefault\u00a0\u00bb global_colors_info=\u00a0\u00bb{}\u00a0\u00bb][et_pb_column type=\u00a0\u00bb4_4&Prime; _builder_version=\u00a0\u00bb4.19.5&Prime; _module_preset=\u00a0\u00bbdefault\u00a0\u00bb global_colors_info=\u00a0\u00bb{}\u00a0\u00bb][et_pb_text _builder_version=\u00a0\u00bb4.19.5&Prime; _module_preset=\u00a0\u00bbdefault\u00a0\u00bb global_colors_info=\u00a0\u00bb{}\u00a0\u00bb]<\/p>\n<h3>Membres<\/h3>\n<p>[\/et_pb_text][\/et_pb_column][\/et_pb_row][et_pb_row _builder_version=\u00a0\u00bb4.19.5&Prime; _module_preset=\u00a0\u00bbdefault\u00a0\u00bb global_colors_info=\u00a0\u00bb{}\u00a0\u00bb][et_pb_column type=\u00a0\u00bb4_4&Prime; _builder_version=\u00a0\u00bb4.19.5&Prime; _module_preset=\u00a0\u00bbdefault\u00a0\u00bb global_colors_info=\u00a0\u00bb{}\u00a0\u00bb][et_pb_image src=\u00a0\u00bbhttps:\/\/eco.ch\/wp-content\/uploads\/2023\/11\/Logoleiste_Mitgliedschaft_transparent_NEU-2.png\u00a0\u00bb title_text=\u00a0\u00bbLogoleiste_Mitgliedschaft_transparent_NEU\u00a0\u00bb _builder_version=\u00a0\u00bb4.23.1&Prime; _module_preset=\u00a0\u00bbdefault\u00a0\u00bb hover_enabled=\u00a0\u00bb0&Prime; global_colors_info=\u00a0\u00bb{}\u00a0\u00bb sticky_enabled=\u00a0\u00bb0&Prime;][\/et_pb_image][\/et_pb_column][\/et_pb_row][\/et_pb_section]<\/p>\n","protected":false},"excerpt":{"rendered":"<p>eco.ch \u2013 une organisation en r\u00e9seau L\u2019association eco.ch a \u00e9t\u00e9 fond\u00e9e en 2005. Tr\u00e8s active, elle fait avancer la mise en \u0153uvre du d\u00e9veloppement durable en Suisse. L\u2019association est actuellement constitu\u00e9e de 15 membres, qui sont autant d\u2019organisations, d\u2019offices f\u00e9d\u00e9raux, d\u2019associations ou d\u2019autorit\u00e9s publiques moteurs dans ce domaine. La pr\u00e9sidente de l\u2019organe responsable est Gabriela [&hellip;]<\/p>\n","protected":false},"author":71,"featured_media":0,"parent":0,"menu_order":0,"comment_status":"closed","ping_status":"closed","template":"","meta":{"_et_pb_use_builder":"on","_et_pb_old_content":"","_et_gb_content_width":"","inline_featured_image":false,"footnotes":""},"class_list":["post-19501","page","type-page","status-publish","hentry"],"yoast_head":"<!-- This site is optimized with the Yoast SEO plugin v27.4 - https:\/\/yoast.com\/product\/yoast-seo-wordpress\/ -->\n<title>Organe Fa\u00eetier - eco.ch<\/title>\n<meta name=\"robots\" content=\"index, follow, max-snippet:-1, max-image-preview:large, max-video-preview:-1\" \/>\n<link rel=\"canonical\" href=\"https:\/\/eco.ch\/fr\/organe-faitier\/\" \/>\n<meta property=\"og:locale\" content=\"fr_FR\" \/>\n<meta property=\"og:type\" content=\"article\" \/>\n<meta property=\"og:title\" content=\"Organe Fa\u00eetier - eco.ch\" \/>\n<meta property=\"og:description\" content=\"eco.ch \u2013 une organisation en r\u00e9seau L\u2019association eco.ch a \u00e9t\u00e9 fond\u00e9e en 2005. Tr\u00e8s active, elle fait avancer la mise en \u0153uvre du d\u00e9veloppement durable en Suisse. L\u2019association est actuellement constitu\u00e9e de 15 membres, qui sont autant d\u2019organisations, d\u2019offices f\u00e9d\u00e9raux, d\u2019associations ou d\u2019autorit\u00e9s publiques moteurs dans ce domaine. La pr\u00e9sidente de l\u2019organe responsable est Gabriela [&hellip;]\" \/>\n<meta property=\"og:url\" content=\"https:\/\/eco.ch\/fr\/organe-faitier\/\" \/>\n<meta property=\"og:site_name\" content=\"eco.ch\" \/>\n<meta property=\"article:publisher\" content=\"https:\/\/www.facebook.com\/eco.ch.forum\" \/>\n<meta property=\"article:modified_time\" content=\"2023-11-24T15:33:06+00:00\" \/>\n<meta name=\"twitter:card\" content=\"summary_large_image\" \/>\n<meta name=\"twitter:site\" content=\"@eco_ch_forum\" \/>\n<meta name=\"twitter:label1\" content=\"Dur\u00e9e de lecture estim\u00e9e\" \/>\n\t<meta name=\"twitter:data1\" content=\"2 minutes\" \/>\n<script type=\"application\/ld+json\" class=\"yoast-schema-graph\">{\"@context\":\"https:\\\/\\\/schema.org\",\"@graph\":[{\"@type\":\"WebPage\",\"@id\":\"https:\\\/\\\/eco.ch\\\/fr\\\/organe-faitier\\\/\",\"url\":\"https:\\\/\\\/eco.ch\\\/fr\\\/organe-faitier\\\/\",\"name\":\"Organe Fa\u00eetier - eco.ch\",\"isPartOf\":{\"@id\":\"https:\\\/\\\/eco.ch\\\/#website\"},\"datePublished\":\"2023-03-21T10:28:50+00:00\",\"dateModified\":\"2023-11-24T15:33:06+00:00\",\"breadcrumb\":{\"@id\":\"https:\\\/\\\/eco.ch\\\/fr\\\/organe-faitier\\\/#breadcrumb\"},\"inLanguage\":\"fr-FR\",\"potentialAction\":[{\"@type\":\"ReadAction\",\"target\":[\"https:\\\/\\\/eco.ch\\\/fr\\\/organe-faitier\\\/\"]}]},{\"@type\":\"BreadcrumbList\",\"@id\":\"https:\\\/\\\/eco.ch\\\/fr\\\/organe-faitier\\\/#breadcrumb\",\"itemListElement\":[{\"@type\":\"ListItem\",\"position\":1,\"name\":\"Home\",\"item\":\"https:\\\/\\\/eco.ch\\\/fr\\\/\"},{\"@type\":\"ListItem\",\"position\":2,\"name\":\"Organe Fa\u00eetier\"}]},{\"@type\":\"WebSite\",\"@id\":\"https:\\\/\\\/eco.ch\\\/#website\",\"url\":\"https:\\\/\\\/eco.ch\\\/\",\"name\":\"eco.ch\",\"description\":\"Forum f\u00fcr nachhaltige Entwicklung\",\"potentialAction\":[{\"@type\":\"SearchAction\",\"target\":{\"@type\":\"EntryPoint\",\"urlTemplate\":\"https:\\\/\\\/eco.ch\\\/?s={search_term_string}\"},\"query-input\":{\"@type\":\"PropertyValueSpecification\",\"valueRequired\":true,\"valueName\":\"search_term_string\"}}],\"inLanguage\":\"fr-FR\"}]}<\/script>\n<!-- \/ Yoast SEO plugin. -->","yoast_head_json":{"title":"Organe Fa\u00eetier - eco.ch","robots":{"index":"index","follow":"follow","max-snippet":"max-snippet:-1","max-image-preview":"max-image-preview:large","max-video-preview":"max-video-preview:-1"},"canonical":"https:\/\/eco.ch\/fr\/organe-faitier\/","og_locale":"fr_FR","og_type":"article","og_title":"Organe Fa\u00eetier - eco.ch","og_description":"eco.ch \u2013 une organisation en r\u00e9seau L\u2019association eco.ch a \u00e9t\u00e9 fond\u00e9e en 2005. Tr\u00e8s active, elle fait avancer la mise en \u0153uvre du d\u00e9veloppement durable en Suisse. L\u2019association est actuellement constitu\u00e9e de 15 membres, qui sont autant d\u2019organisations, d\u2019offices f\u00e9d\u00e9raux, d\u2019associations ou d\u2019autorit\u00e9s publiques moteurs dans ce domaine. La pr\u00e9sidente de l\u2019organe responsable est Gabriela [&hellip;]","og_url":"https:\/\/eco.ch\/fr\/organe-faitier\/","og_site_name":"eco.ch","article_publisher":"https:\/\/www.facebook.com\/eco.ch.forum","article_modified_time":"2023-11-24T15:33:06+00:00","twitter_card":"summary_large_image","twitter_site":"@eco_ch_forum","twitter_misc":{"Dur\u00e9e de lecture estim\u00e9e":"2 minutes"},"schema":{"@context":"https:\/\/schema.org","@graph":[{"@type":"WebPage","@id":"https:\/\/eco.ch\/fr\/organe-faitier\/","url":"https:\/\/eco.ch\/fr\/organe-faitier\/","name":"Organe Fa\u00eetier - eco.ch","isPartOf":{"@id":"https:\/\/eco.ch\/#website"},"datePublished":"2023-03-21T10:28:50+00:00","dateModified":"2023-11-24T15:33:06+00:00","breadcrumb":{"@id":"https:\/\/eco.ch\/fr\/organe-faitier\/#breadcrumb"},"inLanguage":"fr-FR","potentialAction":[{"@type":"ReadAction","target":["https:\/\/eco.ch\/fr\/organe-faitier\/"]}]},{"@type":"BreadcrumbList","@id":"https:\/\/eco.ch\/fr\/organe-faitier\/#breadcrumb","itemListElement":[{"@type":"ListItem","position":1,"name":"Home","item":"https:\/\/eco.ch\/fr\/"},{"@type":"ListItem","position":2,"name":"Organe Fa\u00eetier"}]},{"@type":"WebSite","@id":"https:\/\/eco.ch\/#website","url":"https:\/\/eco.ch\/","name":"eco.ch","description":"Forum f\u00fcr nachhaltige Entwicklung","potentialAction":[{"@type":"SearchAction","target":{"@type":"EntryPoint","urlTemplate":"https:\/\/eco.ch\/?s={search_term_string}"},"query-input":{"@type":"PropertyValueSpecification","valueRequired":true,"valueName":"search_term_string"}}],"inLanguage":"fr-FR"}]}},"_links":{"self":[{"href":"https:\/\/eco.ch\/fr\/wp-json\/wp\/v2\/pages\/19501","targetHints":{"allow":["GET"]}}],"collection":[{"href":"https:\/\/eco.ch\/fr\/wp-json\/wp\/v2\/pages"}],"about":[{"href":"https:\/\/eco.ch\/fr\/wp-json\/wp\/v2\/types\/page"}],"author":[{"embeddable":true,"href":"https:\/\/eco.ch\/fr\/wp-json\/wp\/v2\/users\/71"}],"replies":[{"embeddable":true,"href":"https:\/\/eco.ch\/fr\/wp-json\/wp\/v2\/comments?post=19501"}],"version-history":[{"count":10,"href":"https:\/\/eco.ch\/fr\/wp-json\/wp\/v2\/pages\/19501\/revisions"}],"predecessor-version":[{"id":22271,"href":"https:\/\/eco.ch\/fr\/wp-json\/wp\/v2\/pages\/19501\/revisions\/22271"}],"wp:attachment":[{"href":"https:\/\/eco.ch\/fr\/wp-json\/wp\/v2\/media?parent=19501"}],"curies":[{"name":"wp","href":"https:\/\/api.w.org\/{rel}","templated":true}]}}